{"id":171,"date":"2018-10-22T14:57:06","date_gmt":"2018-10-22T14:57:06","guid":{"rendered":"https:\/\/office.wprentals.org\/?page_id=171"},"modified":"2025-01-19T17:33:21","modified_gmt":"2025-01-19T22:33:21","slug":"home-v2","status":"publish","type":"page","link":"https:\/\/theatelier.ca\/fr\/","title":{"rendered":"Homepage"},"content":{"rendered":"<div style=\"height:66px\" aria-hidden=\"true\" class=\"wp-block-spacer\"><\/div>\n\n\n\n<h2 class=\"wp-block-heading\">Atelier<\/h2>\n\n\n\n<p>Bienvenue \u00e0 l'Atelier! Un espace o\u00f9 les organismes \u00e0 but non lucratif, les entrepreneurs\u00b7euses sociaux, les chercheurs\u00b7euses, les \u00e9tudiant\u00b7e\u00b7s et les militant\u00b7e\u00b7s peuvent collaborer, partager des connaissances et cr\u00e9er, incuber et h\u00e9berger des projets d'innovation sociale.&nbsp;<\/p>\n\n\n\n<p>Nous sommes un espace bilingue inclusif con\u00e7u pour favoriser et soutenir l'innovation sociale dans la r\u00e9gion d'Ottawa-Gatineau. Notre espace physique comprend des bureaux de coworking, des salles de r\u00e9union, un coin salon et une cuisine enti\u00e8rement \u00e9quip\u00e9e. <\/p>\n\n\n\n<p>L'Atelier fait partie d'un \u00e9cosyst\u00e8me unique situ\u00e9 \u00e0 <a href=\"https:\/\/ustpaul.ca\" target=\"_blank\" rel=\"noreferrer noopener\">l'Universit\u00e9 Saint-Paul<\/a> \u00e0 Ottawa. Nous travaillons aux c\u00f4t\u00e9s de <a href=\"https:\/\/ustpaul.ca\/domaine-etudes\/innovation-sociale\/\" target=\"_blank\" rel=\"noreferrer noopener\">l'\u00c9cole d'innovation sociale \u00c9lisabeth-Bruy\u00e8re<\/a> et le <a href=\"https:\/\/innovationsocialeusp.ca\/crits?\" target=\"_blank\" rel=\"noreferrer noopener\">Centre de recherche sur les innovations et les transformations sociales<\/a> (CRITS).\u00a0<\/p>\n\n\n\n<p>Devenez membre de l'Atelier et rejoignez notre communaut\u00e9 d'acteurs\u00b7trices du changement<strong>! <\/strong>Que vous recherchiez un espace de travail accueillant, un lieu dynamique pour organiser des r\u00e9unions ou des \u00e9v\u00e9nements, ou que vous cherchiez \u00e0 vous connecter avec des collaborateurs et mentors potentiels, c'est un endroit pour susciter le changement social et construire un monde plus juste et \u00e9quitable.<\/p>\n\n\n\n<h2 class=\"wp-block-heading\"><strong><br>Qu\u2019est-ce que l\u2019innovation sociale?<\/strong><\/h2>\n\n\n\n<p>Nous d\u00e9finissons l\u2019innovation sociale comme les divers mod\u00e8les d\u2019organisation, de pratiques sociales et d\u2019engagement civique utilis\u00e9s pour lutter contre les in\u00e9galit\u00e9s sociales et diverses formes d\u2019oppression.&nbsp;<\/p>\n\n\n\n<p>L\u2019innovation sociale a une riche histoire de pratiques sociales d\u2019auto-organisation, d\u2019entraide et de cr\u00e9ativit\u00e9 collective. Le secteur de l\u2019innovation sociale comprend non seulement les entreprises sociales et collectives, mais aussi les initiatives et exp\u00e9rimentations collectives. Il englobe des milliers d'individus et d'organisations.<\/p>\n\n\n\n<div style=\"height:37px\" aria-hidden=\"true\" class=\"wp-block-spacer\"><\/div>\n\n\n\n<h3 class=\"wp-block-heading has-text-align-center\"><strong>Rejoignez notre communaut\u00e9 d'acteurs\u00b7trices du changement! <\/strong><\/h3>\n\n\n\n<div class=\"wp-block-buttons has-custom-font-size has-medium-font-size is-horizontal is-content-justification-center is-nowrap is-layout-flex wp-container-core-buttons-is-layout-f937b32f wp-block-buttons-is-layout-flex\">\n<div class=\"wp-block-button has-custom-width wp-block-button__width-25 has-custom-font-size is-style-fill has-medium-font-size\"><a class=\"wp-block-button__link wp-element-button\" href=\"https:\/\/theatelier.ca\/fr\/the-atelier\/become-a-member\/\" style=\"border-radius:0px\">Devenir membre<\/a><\/div>\n<\/div>","protected":false},"excerpt":{"rendered":"<p>The Atelier Welcome to the Atelier! A space where non-profits, social entrepreneurs, researchers, students, and activists can collaborate, share knowledge, and build incubate and host social innovation projects.&nbsp; We are an inclusive bilingual space designed to foster and support social innovation in the Ottawa-Gatineau region. Our physical space boasts coworking desks, meeting rooms, a lounge &#8230;<\/p>","protected":false},"author":2,"featured_media":39307,"parent":0,"menu_order":0,"comment_status":"closed","ping_status":"closed","template":"","meta":{"_monsterinsights_skip_tracking":false,"_monsterinsights_sitenote_active":false,"_monsterinsights_sitenote_note":"","_monsterinsights_sitenote_category":0,"footnotes":""},"class_list":["post-171","page","type-page","status-publish","has-post-thumbnail","hentry"],"_links":{"self":[{"href":"https:\/\/theatelier.ca\/fr\/wp-json\/wp\/v2\/pages\/171","targetHints":{"allow":["GET"]}}],"collection":[{"href":"https:\/\/theatelier.ca\/fr\/wp-json\/wp\/v2\/pages"}],"about":[{"href":"https:\/\/theatelier.ca\/fr\/wp-json\/wp\/v2\/types\/page"}],"author":[{"embeddable":true,"href":"https:\/\/theatelier.ca\/fr\/wp-json\/wp\/v2\/users\/2"}],"replies":[{"embeddable":true,"href":"https:\/\/theatelier.ca\/fr\/wp-json\/wp\/v2\/comments?post=171"}],"version-history":[{"count":36,"href":"https:\/\/theatelier.ca\/fr\/wp-json\/wp\/v2\/pages\/171\/revisions"}],"predecessor-version":[{"id":41109,"href":"https:\/\/theatelier.ca\/fr\/wp-json\/wp\/v2\/pages\/171\/revisions\/41109"}],"wp:featuredmedia":[{"embeddable":true,"href":"https:\/\/theatelier.ca\/fr\/wp-json\/wp\/v2\/media\/39307"}],"wp:attachment":[{"href":"https:\/\/theatelier.ca\/fr\/wp-json\/wp\/v2\/media?parent=171"}],"curies":[{"name":"wp","href":"https:\/\/api.w.org\/{rel}","templated":true}]}}