{"id":38929,"date":"2023-12-20T17:53:27","date_gmt":"2023-12-20T17:53:27","guid":{"rendered":"https:\/\/wordpress.leosolano.com\/?page_id=38929"},"modified":"2025-01-19T17:34:43","modified_gmt":"2025-01-19T22:34:43","slug":"the-atelier","status":"publish","type":"page","link":"https:\/\/theatelier.ca\/fr\/the-atelier\/","title":{"rendered":"Atelier"},"content":{"rendered":"<div data-elementor-type=\"wp-page\" data-elementor-id=\"38929\" class=\"elementor elementor-38929\" data-elementor-post-type=\"page\">\n\t\t\t\t<div class=\"elementor-element elementor-element-2474f514 e-flex e-con-boxed e-con e-parent\" data-id=\"2474f514\" data-element_type=\"container\" data-e-type=\"container\">\n\t\t\t\t\t<div class=\"e-con-inner\">\n\t\t\t\t<div class=\"elementor-element elementor-element-17cce384 elementor-widget elementor-widget-text-editor\" data-id=\"17cce384\" data-element_type=\"widget\" data-e-type=\"widget\" data-widget_type=\"text-editor.default\">\n\t\t\t\t<div class=\"elementor-widget-container\">\n\t\t\t\t\t\t\t\t\t<p>Ouvert en avril 2018, l\u2019Atelier est organisme \u00e0 but non lucratif. C'est un espace bilingue inclusif (physique et virtuel) de collaboration, de formation, de partage de savoirs et de soutien aux innovations sociales. Notre OBNL s\u2019inscrit dans un \u00e9cosyst\u00e8me situ\u00e9 \u00e0 <a href=\"https:\/\/ustpaul.ca\">l'Universit\u00e9 Saint-Paul<\/a> aux c\u00f4t\u00e9s de <a href=\"https:\/\/ustpaul.ca\/domaine-etudes\/innovation-sociale\/\" target=\"_blank\" rel=\"noreferrer noopener\">l'\u00c9cole d'innovation sociale \u00c9lisabeth-Bruy\u00e8re<\/a> et le <a href=\"https:\/\/innovationsocialeusp.ca\/crits?\" target=\"_blank\" rel=\"noreferrer noopener\">Centre de recherche sur les in\u00e9galit\u00e9s et les transformations sociales<\/a> (CRITS). Il incarne ainsi le volet pratique en innovation sociale. Organisme orient\u00e9 vers les membres, ces dernier\u00b7\u00e8res sont des acteurs et actrices du milieu de l\u2019innovation sociale: \u00e9tudiant\u00b7e\u00b7s, chercheurs\u00b7euses, praticiens\u00b7nes, entrepreneur\u00b7e\u00b7s et communaut\u00e9s locales.<\/p>\n<p><!-- \/wp:paragraph --><!-- wp:paragraph --><\/p>\n<p>L'Atelier offre de la formation, de l\u2019accompagnement et des occasions de visibilit\u00e9 et de financement \u00e0 des individu\u00b7e\u00b7s et des projets novateurs. Ces derniers\u00b7\u00e8res inventent des mode\u0300les d\u2019organisation, proposent de nouvelles pratiques sociales et d\u2019engagement et participent \u00e0  la lutte contre les ine\u0301galite\u0301s sociales et les diffe\u0301rentes formes d\u2019oppression.\u00a0<\/p>\n<p><!-- \/wp:paragraph --><!-- wp:spacer {\"height\":\"38px\"} --><\/p>\n<div class=\"wp-block-spacer\" style=\"height: 38px;\" aria-hidden=\"true\">\u00a0<\/div>\n<p><!-- \/wp:spacer --><!-- wp:heading {\"style\":{\"elements\":{\"link\":{\"color\":{\"text\":\"var:preset|color|black\"}}}},\"textColor\":\"black\"} --><\/p>\n<h2 class=\"wp-block-heading has-black-color has-text-color has-link-color\"><strong>Qu\u2019est-ce que l\u2019innovation sociale?<\/strong><\/h2>\n<p><!-- \/wp:heading --><!-- wp:paragraph --><\/p>\n<p>Ce n\u2019est pas n\u00e9cessairement nouveau: l\u2019innovation sociale a une riche histoire dans des pratiques sociales d\u2019auto-organisation, d\u2019entraide et de cr\u00e9ativit\u00e9 collective. Nous la d\u00e9finissons comme des mode\u0300les d\u2019organisation, de pratiques sociales et d\u2019engagement citoyen permettant la lutte contre les ine\u0301galite\u0301s sociales et les diffe\u0301rentes formes d\u2019oppression notamment, la re\u0301duction de la pauvrete\u0301. Cela inclut non seulement les entreprises sociales et collectives, mais \u00e9galement des initiatives et des projets collectifs. C\u2019est un secteur qui repr\u00e9sente des milliers d\u2019individu\u00b7e\u00b7s et d\u2019organisations.\u00a0 \u00a0<\/p>\n<p><!-- \/wp:paragraph --><\/p>\t\t\t\t\t\t\t\t<\/div>\n\t\t\t\t<\/div>\n\t\t\t\t\t<\/div>\n\t\t\t\t<\/div>\n\t\t\t\t<\/div>","protected":false},"excerpt":{"rendered":"<p>Opened in April 2018, the Atelier is a not-for-profit, member-based organization. It is an inclusive bilingual space (physical and virtual) for collaboration, training, knowledge-sharing, and support for social innovations.\u00a0Our non-profit organization is the practical branch of an ecosystem located at Saint Paul University alongside the \u00c9lisabeth Bruy\u00e8re School of Social Innovation and the Centre for &#8230;<\/p>","protected":false},"author":2,"featured_media":0,"parent":0,"menu_order":0,"comment_status":"closed","ping_status":"closed","template":"","meta":{"_monsterinsights_skip_tracking":false,"_monsterinsights_sitenote_active":false,"_monsterinsights_sitenote_note":"","_monsterinsights_sitenote_category":0,"footnotes":""},"class_list":["post-38929","page","type-page","status-publish","hentry"],"_links":{"self":[{"href":"https:\/\/theatelier.ca\/fr\/wp-json\/wp\/v2\/pages\/38929","targetHints":{"allow":["GET"]}}],"collection":[{"href":"https:\/\/theatelier.ca\/fr\/wp-json\/wp\/v2\/pages"}],"about":[{"href":"https:\/\/theatelier.ca\/fr\/wp-json\/wp\/v2\/types\/page"}],"author":[{"embeddable":true,"href":"https:\/\/theatelier.ca\/fr\/wp-json\/wp\/v2\/users\/2"}],"replies":[{"embeddable":true,"href":"https:\/\/theatelier.ca\/fr\/wp-json\/wp\/v2\/comments?post=38929"}],"version-history":[{"count":115,"href":"https:\/\/theatelier.ca\/fr\/wp-json\/wp\/v2\/pages\/38929\/revisions"}],"predecessor-version":[{"id":41105,"href":"https:\/\/theatelier.ca\/fr\/wp-json\/wp\/v2\/pages\/38929\/revisions\/41105"}],"wp:attachment":[{"href":"https:\/\/theatelier.ca\/fr\/wp-json\/wp\/v2\/media?parent=38929"}],"curies":[{"name":"wp","href":"https:\/\/api.w.org\/{rel}","templated":true}]}}