{"id":38945,"date":"2023-12-20T18:24:00","date_gmt":"2023-12-20T18:24:00","guid":{"rendered":"https:\/\/wordpress.leosolano.com\/?page_id=38945"},"modified":"2025-02-03T17:18:00","modified_gmt":"2025-02-03T22:18:00","slug":"our-team-board-of-directors","status":"publish","type":"page","link":"https:\/\/theatelier.ca\/fr\/about-us\/our-team-board-of-directors\/","title":{"rendered":"\u00c9quipe et conseil d'administration"},"content":{"rendered":"<div data-elementor-type=\"wp-page\" data-elementor-id=\"38945\" class=\"elementor elementor-38945\" data-elementor-post-type=\"page\">\n\t\t\t\t<div class=\"elementor-element elementor-element-dc89f5a e-con-full e-flex e-con e-parent\" data-id=\"dc89f5a\" data-element_type=\"container\" data-e-type=\"container\">\n\t\t\t\t<div class=\"elementor-element elementor-element-bd1aa62 elementor-widget elementor-widget-heading\" data-id=\"bd1aa62\" data-element_type=\"widget\" data-e-type=\"widget\" data-widget_type=\"heading.default\">\n\t\t\t\t<div class=\"elementor-widget-container\">\n\t\t\t\t\t<h2 class=\"elementor-heading-title elementor-size-large\">L\u2019 \u00e9quipe<\/h2>\t\t\t\t<\/div>\n\t\t\t\t<\/div>\n\t\t\t\t<div class=\"elementor-element elementor-element-594a487 elementor-widget elementor-widget-spacer\" data-id=\"594a487\" data-element_type=\"widget\" data-e-type=\"widget\" data-widget_type=\"spacer.default\">\n\t\t\t\t<div class=\"elementor-widget-container\">\n\t\t\t\t\t\t\t<div class=\"elementor-spacer\">\n\t\t\t<div class=\"elementor-spacer-inner\"><\/div>\n\t\t<\/div>\n\t\t\t\t\t\t<\/div>\n\t\t\t\t<\/div>\n\t\t\t\t<div class=\"elementor-element elementor-element-c73eb93 elementor-widget elementor-widget-spacer\" data-id=\"c73eb93\" data-element_type=\"widget\" data-e-type=\"widget\" data-widget_type=\"spacer.default\">\n\t\t\t\t<div class=\"elementor-widget-container\">\n\t\t\t\t\t\t\t<div class=\"elementor-spacer\">\n\t\t\t<div class=\"elementor-spacer-inner\"><\/div>\n\t\t<\/div>\n\t\t\t\t\t\t<\/div>\n\t\t\t\t<\/div>\n\t\t\t\t<div class=\"elementor-element elementor-element-8ea2cd6 elementor-widget elementor-widget-spacer\" data-id=\"8ea2cd6\" data-element_type=\"widget\" data-e-type=\"widget\" data-widget_type=\"spacer.default\">\n\t\t\t\t<div class=\"elementor-widget-container\">\n\t\t\t\t\t\t\t<div class=\"elementor-spacer\">\n\t\t\t<div class=\"elementor-spacer-inner\"><\/div>\n\t\t<\/div>\n\t\t\t\t\t\t<\/div>\n\t\t\t\t<\/div>\n\t\t\t\t<div class=\"elementor-element elementor-element-4d15c45 elementor-widget elementor-widget-text-editor\" data-id=\"4d15c45\" data-element_type=\"widget\" data-e-type=\"widget\" data-widget_type=\"text-editor.default\">\n\t\t\t\t<div class=\"elementor-widget-container\">\n\t\t\t\t\t\t\t\t\t<p>Depuis son ouverture, l'Atelier a accueilli plusieurs employ\u00e9\u00b7e\u00b7s; \u00e0 temps plein, \u00e0 temps partiel, des contrats \u00e9tudiants, des contrats estivaux, des stagiaires du secondaire et d'universit\u00e9. En 2025, l'Atelier est devenu un organisme sans personnel.&nbsp;<\/p>\n<p>L'espace restera ouvert comme il l'est actuellement, et le conseil d'administration et les membres joueront un r\u00f4le plus actif dans la gestion et l'entretien r\u00e9guliers de l'espace.<\/p>\t\t\t\t\t\t\t\t<\/div>\n\t\t\t\t<\/div>\n\t\t\t\t<div class=\"elementor-element elementor-element-1263f73 elementor-widget elementor-widget-spacer\" data-id=\"1263f73\" data-element_type=\"widget\" data-e-type=\"widget\" data-widget_type=\"spacer.default\">\n\t\t\t\t<div class=\"elementor-widget-container\">\n\t\t\t\t\t\t\t<div class=\"elementor-spacer\">\n\t\t\t<div class=\"elementor-spacer-inner\"><\/div>\n\t\t<\/div>\n\t\t\t\t\t\t<\/div>\n\t\t\t\t<\/div>\n\t\t\t\t<div class=\"elementor-element elementor-element-fa96690 elementor-widget elementor-widget-spacer\" data-id=\"fa96690\" data-element_type=\"widget\" data-e-type=\"widget\" data-widget_type=\"spacer.default\">\n\t\t\t\t<div class=\"elementor-widget-container\">\n\t\t\t\t\t\t\t<div class=\"elementor-spacer\">\n\t\t\t<div class=\"elementor-spacer-inner\"><\/div>\n\t\t<\/div>\n\t\t\t\t\t\t<\/div>\n\t\t\t\t<\/div>\n\t\t\t\t<div class=\"elementor-element elementor-element-0d6a0a3 elementor-widget elementor-widget-heading\" data-id=\"0d6a0a3\" data-element_type=\"widget\" data-e-type=\"widget\" data-widget_type=\"heading.default\">\n\t\t\t\t<div class=\"elementor-widget-container\">\n\t\t\t\t\t<h2 class=\"elementor-heading-title elementor-size-large\">Le Conseil d'administration<\/h2>\t\t\t\t<\/div>\n\t\t\t\t<\/div>\n\t\t\t\t<div class=\"elementor-element elementor-element-388336f elementor-widget-divider--view-line elementor-widget elementor-widget-divider\" data-id=\"388336f\" data-element_type=\"widget\" data-e-type=\"widget\" data-widget_type=\"divider.default\">\n\t\t\t\t<div class=\"elementor-widget-container\">\n\t\t\t\t\t\t\t<div class=\"elementor-divider\">\n\t\t\t<span class=\"elementor-divider-separator\">\n\t\t\t\t\t\t<\/span>\n\t\t<\/div>\n\t\t\t\t\t\t<\/div>\n\t\t\t\t<\/div>\n\t\t\t\t<div class=\"elementor-element elementor-element-a7d47c4 elementor-widget elementor-widget-text-editor\" data-id=\"a7d47c4\" data-element_type=\"widget\" data-e-type=\"widget\" data-widget_type=\"text-editor.default\">\n\t\t\t\t<div class=\"elementor-widget-container\">\n\t\t\t\t\t\t\t\t\t<h4>Amanda Wilson (elle) - Pr\u00e9sidente<\/h4>\n<p>Amanda est professeure \u00e0 l\u2019\u00c9cole d\u2019innovation sociale \u00e0 l\u2019Universit\u00e9 Saint-Paul. Ses domaines de recherche comprennent le mouvement alimentaire et les syst\u00e8mes alimentaires carc\u00e9raux, l\u2019organisation collective, ainsi que les questions li\u00e9es \u00e0 la pr\u00e9figuration et \u00e0 la mise en \u0153uvre d\u2019une politique de la possibilit\u00e9. En dehors du milieu universitaire, elle a travaill\u00e9 avec plusieurs organisations non gouvernementales dans les domaines de l\u2019analyse des politiques, de la recherche, de la coordination des r\u00e9seaux et de l\u2019\u00e9ducation populaire, et elle est une militante de longue date et une organisatrice communautaire \u00e0 Ottawa.<\/p><p><br><\/p>\n<h4>Philippe N\u00e9m\u00e9h-Nombr\u00e9 (il\/lui) - Tr\u00e9sorier<\/h4>\n<p>Philippe est un professeur \u00e0 l'\u00c9cole d'innovation sociale \u00e0 l'Universit\u00e9 Saint-Paul. Ses recherches portent sur les pens\u00e9es politiques, les cultures, les po\u00e9tiques et les \u00e9cologies noires, sur les possibilit\u00e9s de relations entre les perspectives lib\u00e9ratrices noires et autochtones ainsi que sur les m\u00e9thodologies critiques. Il fait \u00e9galement partie du comit\u00e9 d\u2019organisation du black symposium noir.<span style=\"color: var( --e-global-color-primary ); font-family: var( --e-global-typography-392b9e0-font-family ), Sans-serif; font-size: var( --e-global-typography-392b9e0-font-size ); font-style: var( --e-global-typography-392b9e0-font-style ); font-weight: var( --e-global-typography-392b9e0-font-weight ); letter-spacing: var( --e-global-typography-392b9e0-letter-spacing ); text-transform: var( --e-global-typography-392b9e0-text-transform );\">&nbsp;<\/span><\/p><p><span style=\"color: var( --e-global-color-primary ); font-family: var( --e-global-typography-392b9e0-font-family ), Sans-serif; font-size: var( --e-global-typography-392b9e0-font-size ); font-style: var( --e-global-typography-392b9e0-font-style ); font-weight: var( --e-global-typography-392b9e0-font-weight ); letter-spacing: var( --e-global-typography-392b9e0-letter-spacing ); text-transform: var( --e-global-typography-392b9e0-text-transform );\"><br><\/span><\/p>\n<h4>Jennifer Bruce (elle) - Membre<\/h4>\n<p>Jenn est candidate au doctorat dans le cadre du programme de recherche interdisciplinaire en enjeux sociaux contemporains \u00e0 l\u2019Universit\u00e9 Saint-Paul d\u2019Ottawa. Sa recherche doctorale porte sur la fa\u00e7on dont les organismes sans but lucratif peuvent utiliser un cadre de justice pour les personnes en situation d'handicap afin d\u2019accro\u00eetre leur impact et de contribuer au changement social. Son exp\u00e9rience professionnelle comprend six ann\u00e9es de travail dans le secteur du sport pour personnes en situation d'handicap dans des domaines tels que l\u2019impact collectif, la diversit\u00e9, l\u2019\u00e9quit\u00e9, l\u2019inclusion et l\u2019accessibilit\u00e9. Elle continue \u00e0 s\u2019engager et \u00e0 travailler avec le secteur \u00e0 but non lucratif sur le d\u00e9veloppement de strat\u00e9gies et le changement organisationnel.<\/p><p><br><\/p>\n<h4>Pierre Antoine Lafon Simard (il\/lui) - Membre<\/h4>\n<p>Dipl\u00f4m\u00e9 de l\u2019Universit\u00e9 d\u2019Ottawa, du Conservatoire d\u2019art dramatique de l\u2019\u00c9cole nationale de th\u00e9\u00e2tre du Canada, Pierre Antoine est metteur en sc\u00e8ne, concepteur sonore et vid\u00e9o. De 2013-2016, il est adjoint \u00e0 la programmation \u00e0 l\u2019Usine C. En 2014 il agit comme consultant narratif pour l\u2019ONF interactif et MIT (Massachusetts Institut of Technologie). Depuis octobre 2016 il est directeur artistique du Th\u00e9\u00e2tre du Trillium et responsable de la programmation en th\u00e9\u00e2tre et en danse de La Nouvelle Sc\u00e8ne. Il a sign\u00e9 la mise en sc\u00e8ne de plusieurs cr\u00e9ations, dont Taram (2011), D\u00e9luge (2012), MILF (2017), Moon Mission (2018), Mon corps livr\u00e9 pour vous (2018), N\u00e9on Bor\u00e9al (2019) et Durant des ann\u00e9es (2023), IA: l\u2019autre cr\u00e9ateur (2023). Il signe \u00e9galement plusieurs conceptions sonore et vid\u00e9o dont entre autres Jeff Koons, une conception spatiale et num\u00e9rique en VR (2019), Demain, j\u2019\u00e9tais ici: un parcours audio num\u00e9rique (2021) et Le Virus et la proie (2023). En 2020 il co-fonde la Sc\u00e8ne Nationale du Son un espace num\u00e9rique pour les arts vivants qui donne \u00e0 entendre la dramaturgie contemporaine dont il co-r\u00e9alise les \u0153uvres.&nbsp;<\/p>\t\t\t\t\t\t\t\t<\/div>\n\t\t\t\t<\/div>\n\t\t\t\t<div class=\"elementor-element elementor-element-4e15c57 elementor-widget elementor-widget-spacer\" data-id=\"4e15c57\" data-element_type=\"widget\" data-e-type=\"widget\" data-widget_type=\"spacer.default\">\n\t\t\t\t<div class=\"elementor-widget-container\">\n\t\t\t\t\t\t\t<div class=\"elementor-spacer\">\n\t\t\t<div class=\"elementor-spacer-inner\"><\/div>\n\t\t<\/div>\n\t\t\t\t\t\t<\/div>\n\t\t\t\t<\/div>\n\t\t\t\t<div class=\"elementor-element elementor-element-34766ba elementor-widget elementor-widget-heading\" data-id=\"34766ba\" data-element_type=\"widget\" data-e-type=\"widget\" data-widget_type=\"heading.default\">\n\t\t\t\t<div class=\"elementor-widget-container\">\n\t\t\t\t\t<h2 class=\"elementor-heading-title elementor-size-large\">Partenaires fondateurs<\/h2>\t\t\t\t<\/div>\n\t\t\t\t<\/div>\n\t\t\t\t<div class=\"elementor-element elementor-element-e4982f6 elementor-widget-divider--view-line elementor-widget elementor-widget-divider\" data-id=\"e4982f6\" data-element_type=\"widget\" data-e-type=\"widget\" data-widget_type=\"divider.default\">\n\t\t\t\t<div class=\"elementor-widget-container\">\n\t\t\t\t\t\t\t<div class=\"elementor-divider\">\n\t\t\t<span class=\"elementor-divider-separator\">\n\t\t\t\t\t\t<\/span>\n\t\t<\/div>\n\t\t\t\t\t\t<\/div>\n\t\t\t\t<\/div>\n\t\t\t\t<div class=\"elementor-element elementor-element-3ccb389 gallery-spacing-custom elementor-widget elementor-widget-image-gallery\" data-id=\"3ccb389\" data-element_type=\"widget\" data-e-type=\"widget\" data-widget_type=\"image-gallery.default\">\n\t\t\t\t<div class=\"elementor-widget-container\">\n\t\t\t\t\t\t\t<div class=\"elementor-image-gallery\">\n\t\t\t\n\t\t<style type=\"text\/css\">\n\t\t\t#gallery-1 {\n\t\t\t\tmargin: auto;\n\t\t\t}\n\t\t\t#gallery-1 .gallery-item {\n\t\t\t\tfloat: left;\n\t\t\t\tmargin-top: 10px;\n\t\t\t\ttext-align: center;\n\t\t\t\twidth: 33%;\n\t\t\t}\n\t\t\t#gallery-1 img {\n\t\t\t\tborder: 2px solid #cfcfcf;\n\t\t\t}\n\t\t\t#gallery-1 .gallery-caption {\n\t\t\t\tmargin-left: 0;\n\t\t\t}\n\t\t\t\/* see gallery_shortcode() in wp-includes\/media.php *\/\n\t\t<\/style>\n\t\t<div id='gallery-1' class='gallery galleryid-38945 gallery-columns-3 gallery-size-medium'><dl class='gallery-item'>\n\t\t\t<dt class='gallery-icon landscape'>\n\t\t\t\t<a data-elementor-open-lightbox=\"yes\" data-elementor-lightbox-slideshow=\"3ccb389\" data-elementor-lightbox-title=\"Reference_-_USP_Horizontal_NOIR\" data-e-action-hash=\"#elementor-action%3Aaction%3Dlightbox%26settings%3DeyJpZCI6Mjg4MCwidXJsIjoiaHR0cHM6XC9cL3RoZWF0ZWxpZXIuY2FcL3dwLWNvbnRlbnRcL3VwbG9hZHNcLzIwMTlcLzA4XC9SZWZlcmVuY2VfLV9VU1BfSG9yaXpvbnRhbF9OT0lSLnBuZyIsInNsaWRlc2hvdyI6IjNjY2IzODkifQ%3D%3D\" href='https:\/\/theatelier.ca\/wp-content\/uploads\/2019\/08\/Reference_-_USP_Horizontal_NOIR.png'><img decoding=\"async\" width=\"300\" height=\"124\" src=\"https:\/\/theatelier.ca\/wp-content\/uploads\/2019\/08\/Reference_-_USP_Horizontal_NOIR-300x124.png\" class=\"attachment-medium size-medium\" alt=\"\" srcset=\"https:\/\/theatelier.ca\/wp-content\/uploads\/2019\/08\/Reference_-_USP_Horizontal_NOIR-300x124.png 300w, https:\/\/theatelier.ca\/wp-content\/uploads\/2019\/08\/Reference_-_USP_Horizontal_NOIR.png 580w\" sizes=\"(max-width: 300px) 100vw, 300px\" \/><\/a>\n\t\t\t<\/dt><\/dl><dl class='gallery-item'>\n\t\t\t<dt class='gallery-icon landscape'>\n\t\t\t\t<a data-elementor-open-lightbox=\"yes\" data-elementor-lightbox-slideshow=\"3ccb389\" data-elementor-lightbox-title=\"Reference_-_USP_Horizontal_NOIR\" data-e-action-hash=\"#elementor-action%3Aaction%3Dlightbox%26settings%3DeyJpZCI6MTE2NCwidXJsIjoiaHR0cHM6XC9cL3RoZWF0ZWxpZXIuY2FcL3dwLWNvbnRlbnRcL3VwbG9hZHNcLzIwMThcLzExXC9sZXNfc29ldXJzLnBuZyIsInNsaWRlc2hvdyI6IjNjY2IzODkifQ%3D%3D\" href='https:\/\/theatelier.ca\/wp-content\/uploads\/2018\/11\/les_soeurs.png'><img decoding=\"async\" width=\"300\" height=\"115\" src=\"https:\/\/theatelier.ca\/wp-content\/uploads\/2018\/11\/les_soeurs-300x115.png\" class=\"attachment-medium size-medium\" alt=\"Les Soeurs de la charit\u00e9 - logo\" srcset=\"https:\/\/theatelier.ca\/wp-content\/uploads\/2018\/11\/les_soeurs-300x115.png 300w, https:\/\/theatelier.ca\/wp-content\/uploads\/2018\/11\/les_soeurs.png 392w\" sizes=\"(max-width: 300px) 100vw, 300px\" \/><\/a>\n\t\t\t<\/dt><\/dl><dl class='gallery-item'>\n\t\t\t<dt class='gallery-icon landscape'>\n\t\t\t\t<a data-elementor-open-lightbox=\"yes\" data-elementor-lightbox-slideshow=\"3ccb389\" data-elementor-lightbox-title=\"Reference_-_USP_Horizontal_NOIR\" data-e-action-hash=\"#elementor-action%3Aaction%3Dlightbox%26settings%3DeyJpZCI6MTE2MiwidXJsIjoiaHR0cHM6XC9cL3RoZWF0ZWxpZXIuY2FcL3dwLWNvbnRlbnRcL3VwbG9hZHNcLzIwMThcLzExXC9kZXNqYXJkaW5zLnBuZyIsInNsaWRlc2hvdyI6IjNjY2IzODkifQ%3D%3D\" href='https:\/\/theatelier.ca\/wp-content\/uploads\/2018\/11\/desjardins.png'><img decoding=\"async\" width=\"300\" height=\"64\" src=\"https:\/\/theatelier.ca\/wp-content\/uploads\/2018\/11\/desjardins-300x64.png\" class=\"attachment-medium size-medium\" alt=\"Desjardins - logo\" srcset=\"https:\/\/theatelier.ca\/wp-content\/uploads\/2018\/11\/desjardins-300x64.png 300w, https:\/\/theatelier.ca\/wp-content\/uploads\/2018\/11\/desjardins.png 332w\" sizes=\"(max-width: 300px) 100vw, 300px\" \/><\/a>\n\t\t\t<\/dt><\/dl><br style=\"clear: both\" \/>\n\t\t<\/div>\n\t\t<\/div>\n\t\t\t\t\t\t<\/div>\n\t\t\t\t<\/div>\n\t\t\t\t<div class=\"elementor-element elementor-element-2c82e1c elementor-widget elementor-widget-spacer\" data-id=\"2c82e1c\" data-element_type=\"widget\" data-e-type=\"widget\" data-widget_type=\"spacer.default\">\n\t\t\t\t<div class=\"elementor-widget-container\">\n\t\t\t\t\t\t\t<div class=\"elementor-spacer\">\n\t\t\t<div class=\"elementor-spacer-inner\"><\/div>\n\t\t<\/div>\n\t\t\t\t\t\t<\/div>\n\t\t\t\t<\/div>\n\t\t\t\t<div class=\"elementor-element elementor-element-ba21fbc elementor-widget elementor-widget-heading\" data-id=\"ba21fbc\" data-element_type=\"widget\" data-e-type=\"widget\" data-widget_type=\"heading.default\">\n\t\t\t\t<div class=\"elementor-widget-container\">\n\t\t\t\t\t<h2 class=\"elementor-heading-title elementor-size-large\">Rapports d'activit\u00e9<\/h2>\t\t\t\t<\/div>\n\t\t\t\t<\/div>\n\t\t\t\t<div class=\"elementor-element elementor-element-0f19e0f elementor-widget-divider--view-line elementor-widget elementor-widget-divider\" data-id=\"0f19e0f\" data-element_type=\"widget\" data-e-type=\"widget\" data-widget_type=\"divider.default\">\n\t\t\t\t<div class=\"elementor-widget-container\">\n\t\t\t\t\t\t\t<div class=\"elementor-divider\">\n\t\t\t<span class=\"elementor-divider-separator\">\n\t\t\t\t\t\t<\/span>\n\t\t<\/div>\n\t\t\t\t\t\t<\/div>\n\t\t\t\t<\/div>\n\t\t\t\t<\/div>\n\t\t<div class=\"elementor-element elementor-element-d3af646 e-flex e-con-boxed e-con e-parent\" data-id=\"d3af646\" data-element_type=\"container\" data-e-type=\"container\">\n\t\t\t\t\t<div class=\"e-con-inner\">\n\t\t<div class=\"elementor-element elementor-element-910e86d e-con-full e-flex e-con e-child\" data-id=\"910e86d\" data-element_type=\"container\" data-e-type=\"container\">\n\t\t\t\t<div class=\"elementor-element elementor-element-5036c91 elementor-widget elementor-widget-image\" data-id=\"5036c91\" data-element_type=\"widget\" data-e-type=\"widget\" data-widget_type=\"image.default\">\n\t\t\t\t<div class=\"elementor-widget-container\">\n\t\t\t\t\t\t\t\t\t\t\t\t<figure class=\"wp-caption\">\n\t\t\t\t\t\t\t\t\t\t\t<a href=\"https:\/\/theatelier.ca\/wp-content\/uploads\/2025\/01\/Faits-saillants-2023-et-2024.pdf\" target=\"_blank\">\n\t\t\t\t\t\t\t<img loading=\"lazy\" decoding=\"async\" width=\"240\" height=\"300\" src=\"https:\/\/theatelier.ca\/wp-content\/uploads\/2025\/01\/Faits-saillants-2023-et-2024.png\" class=\"attachment-medium size-medium wp-image-40075\" alt=\"Rapport d\u2019activit\u00e9 2020\" srcset=\"https:\/\/theatelier.ca\/wp-content\/uploads\/2025\/01\/Faits-saillants-2023-et-2024.png 1080w, https:\/\/theatelier.ca\/wp-content\/uploads\/2025\/01\/Faits-saillants-2023-et-2024-240x300.png 240w, https:\/\/theatelier.ca\/wp-content\/uploads\/2025\/01\/Faits-saillants-2023-et-2024-819x1024.png 819w, https:\/\/theatelier.ca\/wp-content\/uploads\/2025\/01\/Faits-saillants-2023-et-2024-768x960.png 768w, https:\/\/theatelier.ca\/wp-content\/uploads\/2025\/01\/Faits-saillants-2023-et-2024-10x12.png 10w\" sizes=\"(max-width: 240px) 100vw, 240px\" \/>\t\t\t\t\t\t\t\t<\/a>\n\t\t\t\t\t\t\t\t\t\t\t<figcaption class=\"widget-image-caption wp-caption-text\">Faits saillants 2023 et 2024<\/figcaption>\n\t\t\t\t\t\t\t\t\t\t<\/figure>\n\t\t\t\t\t\t\t\t\t<\/div>\n\t\t\t\t<\/div>\n\t\t\t\t<\/div>\n\t\t<div class=\"elementor-element elementor-element-66bf0e4 e-con-full e-flex e-con e-child\" data-id=\"66bf0e4\" data-element_type=\"container\" data-e-type=\"container\">\n\t\t\t\t<div class=\"elementor-element elementor-element-4134da8 elementor-widget elementor-widget-image\" data-id=\"4134da8\" data-element_type=\"widget\" data-e-type=\"widget\" data-widget_type=\"image.default\">\n\t\t\t\t<div class=\"elementor-widget-container\">\n\t\t\t\t\t\t\t\t\t\t\t\t<figure class=\"wp-caption\">\n\t\t\t\t\t\t\t\t\t\t\t<a href=\"https:\/\/theatelier.ca\/wp-content\/uploads\/2024\/12\/Rapport-dactivite-2021.pdf\" target=\"_blank\">\n\t\t\t\t\t\t\t<img loading=\"lazy\" decoding=\"async\" width=\"239\" height=\"300\" src=\"https:\/\/theatelier.ca\/wp-content\/uploads\/2024\/03\/Screenshot-2024-03-22-at-15.20.34-1-239x300.png\" class=\"attachment-medium size-medium wp-image-40074\" alt=\"Rapport d\u2019activit\u00e9 2021\" srcset=\"https:\/\/theatelier.ca\/wp-content\/uploads\/2024\/03\/Screenshot-2024-03-22-at-15.20.34-1-239x300.png 239w, https:\/\/theatelier.ca\/wp-content\/uploads\/2024\/03\/Screenshot-2024-03-22-at-15.20.34-1-10x12.png 10w, https:\/\/theatelier.ca\/wp-content\/uploads\/2024\/03\/Screenshot-2024-03-22-at-15.20.34-1.png 704w\" sizes=\"(max-width: 239px) 100vw, 239px\" \/>\t\t\t\t\t\t\t\t<\/a>\n\t\t\t\t\t\t\t\t\t\t\t<figcaption class=\"widget-image-caption wp-caption-text\">Rapport d\u2019activit\u00e9 2021<\/figcaption>\n\t\t\t\t\t\t\t\t\t\t<\/figure>\n\t\t\t\t\t\t\t\t\t<\/div>\n\t\t\t\t<\/div>\n\t\t\t\t<\/div>\n\t\t\t\t<div class=\"elementor-element elementor-element-6f7b6bb elementor-widget elementor-widget-image\" data-id=\"6f7b6bb\" data-element_type=\"widget\" data-e-type=\"widget\" data-widget_type=\"image.default\">\n\t\t\t\t<div class=\"elementor-widget-container\">\n\t\t\t\t\t\t\t\t\t\t\t\t<figure class=\"wp-caption\">\n\t\t\t\t\t\t\t\t\t\t\t<a href=\"https:\/\/theatelier.ca\/wp-content\/uploads\/2025\/01\/Rapport-dactivite-2022-1.pdf\" target=\"_blank\">\n\t\t\t\t\t\t\t<img loading=\"lazy\" decoding=\"async\" width=\"232\" height=\"300\" src=\"https:\/\/theatelier.ca\/wp-content\/uploads\/2024\/12\/Rapport-dactivite-2022-.png\" class=\"attachment-medium size-medium wp-image-40927\" alt=\"Rapport d\u2019activit\u00e9 2022\" srcset=\"https:\/\/theatelier.ca\/wp-content\/uploads\/2024\/12\/Rapport-dactivite-2022-.png 1545w, https:\/\/theatelier.ca\/wp-content\/uploads\/2024\/12\/Rapport-dactivite-2022--232x300.png 232w, https:\/\/theatelier.ca\/wp-content\/uploads\/2024\/12\/Rapport-dactivite-2022--791x1024.png 791w, https:\/\/theatelier.ca\/wp-content\/uploads\/2024\/12\/Rapport-dactivite-2022--768x994.png 768w, https:\/\/theatelier.ca\/wp-content\/uploads\/2024\/12\/Rapport-dactivite-2022--1187x1536.png 1187w, https:\/\/theatelier.ca\/wp-content\/uploads\/2024\/12\/Rapport-dactivite-2022--9x12.png 9w\" sizes=\"(max-width: 232px) 100vw, 232px\" \/>\t\t\t\t\t\t\t\t<\/a>\n\t\t\t\t\t\t\t\t\t\t\t<figcaption class=\"widget-image-caption wp-caption-text\">Rapport d\u2019activit\u00e9 2022<\/figcaption>\n\t\t\t\t\t\t\t\t\t\t<\/figure>\n\t\t\t\t\t\t\t\t\t<\/div>\n\t\t\t\t<\/div>\n\t\t\t\t\t<\/div>\n\t\t\t\t<\/div>\n\t\t<div class=\"elementor-element elementor-element-48de7df e-flex e-con-boxed e-con e-parent\" data-id=\"48de7df\" data-element_type=\"container\" data-e-type=\"container\">\n\t\t\t\t\t<div class=\"e-con-inner\">\n\t\t\t\t\t<\/div>\n\t\t\t\t<\/div>\n\t\t\t\t<\/div>","protected":false},"excerpt":{"rendered":"<p>The Team Since its opening, the Atelier has welcomed many employees; full-time, part-time, student contract, summer contract, high school and university interns. In 2025, the Atelier became an un-staffed organization.&nbsp; The space will continue to be open as it is currently, with the Board and members taking a more active role in regular space management &#8230;<\/p>","protected":false},"author":2,"featured_media":39781,"parent":39018,"menu_order":0,"comment_status":"closed","ping_status":"closed","template":"","meta":{"_monsterinsights_skip_tracking":false,"_monsterinsights_sitenote_active":false,"_monsterinsights_sitenote_note":"","_monsterinsights_sitenote_category":0,"footnotes":""},"class_list":["post-38945","page","type-page","status-publish","has-post-thumbnail","hentry"],"_links":{"self":[{"href":"https:\/\/theatelier.ca\/fr\/wp-json\/wp\/v2\/pages\/38945","targetHints":{"allow":["GET"]}}],"collection":[{"href":"https:\/\/theatelier.ca\/fr\/wp-json\/wp\/v2\/pages"}],"about":[{"href":"https:\/\/theatelier.ca\/fr\/wp-json\/wp\/v2\/types\/page"}],"author":[{"embeddable":true,"href":"https:\/\/theatelier.ca\/fr\/wp-json\/wp\/v2\/users\/2"}],"replies":[{"embeddable":true,"href":"https:\/\/theatelier.ca\/fr\/wp-json\/wp\/v2\/comments?post=38945"}],"version-history":[{"count":233,"href":"https:\/\/theatelier.ca\/fr\/wp-json\/wp\/v2\/pages\/38945\/revisions"}],"predecessor-version":[{"id":41153,"href":"https:\/\/theatelier.ca\/fr\/wp-json\/wp\/v2\/pages\/38945\/revisions\/41153"}],"up":[{"embeddable":true,"href":"https:\/\/theatelier.ca\/fr\/wp-json\/wp\/v2\/pages\/39018"}],"wp:featuredmedia":[{"embeddable":true,"href":"https:\/\/theatelier.ca\/fr\/wp-json\/wp\/v2\/media\/39781"}],"wp:attachment":[{"href":"https:\/\/theatelier.ca\/fr\/wp-json\/wp\/v2\/media?parent=38945"}],"curies":[{"name":"wp","href":"https:\/\/api.w.org\/{rel}","templated":true}]}}