{"id":38949,"date":"2023-12-20T18:25:45","date_gmt":"2023-12-20T18:25:45","guid":{"rendered":"https:\/\/wordpress.leosolano.com\/?page_id=38949"},"modified":"2024-06-12T08:31:35","modified_gmt":"2024-06-12T12:31:35","slug":"cancelation-policy","status":"publish","type":"page","link":"https:\/\/theatelier.ca\/fr\/cancelation-policy\/","title":{"rendered":"Politique d'annulation de location de salle"},"content":{"rendered":"<p><strong>Pour tous les \u00e9v\u00e9nements organis\u00e9s dans la salle A ou la salle B:<\/strong><\/p>\n\n\n\n<ol class=\"wp-block-list\">\n<li>Vous \u00eates responsable de la propret\u00e9 des lieux et de la restitution du mat\u00e9riel utilis\u00e9 en bon \u00e9tat.<\/li>\n\n\n\n<li>Il y a suffisamment d'assiettes, de verres, de tasses et de couverts pour environ 50 personnes. Il est strictement interdit d'apporter du mat\u00e9riel jetable et des bouteilles d'eau en plastique (nous disposons de carafes d'eau dont une de 4L). Si ces conditions ne sont pas respect\u00e9es, des frais de 150$ seront ajout\u00e9s \u00e0 la facture.<\/li>\n<\/ol>\n\n\n\n<p><strong>Pour tous les \u00e9v\u00e9nements organis\u00e9s \u00e0 la Salle Desjardins:<\/strong><\/p>\n\n\n\n<ol class=\"wp-block-list\">\n<li>En cas d'annulation d'une location de salle suite \u00e0 la r\u00e9servation, des frais de 30% du montant total du co\u00fbt estim\u00e9 seront appliqu\u00e9s.<\/li>\n\n\n\n<li>Vous \u00eates responsable de la propret\u00e9 des lieux et de la restitution du mat\u00e9riel utilis\u00e9 en bon \u00e9tat.<\/li>\n\n\n\n<li>Il y a suffisamment d'assiettes, de verres, de tasses et de couverts pour environ 50 personnes. Il est strictement interdit d'apporter du mat\u00e9riel jetable et des bouteilles d'eau en plastique (nous disposons de carafes d'eau dont une de 4L). Si ces conditions ne sont pas respect\u00e9es, des frais de 150$ seront ajout\u00e9s \u00e0 la facture.<\/li>\n<\/ol>\n\n\n\n<p><strong>Pour tous les \u00e9v\u00e9nements organis\u00e9s dans l\u2019espace Lounge ou dans l\u2019ensemble de l\u2019espace:<\/strong><\/p>\n\n\n\n<ol class=\"wp-block-list\">\n<li>D\u00e8s r\u00e9ception de la r\u00e9servation, un devis vous sera fourni.\u00a0<\/li>\n\n\n\n<li>Nous ajoutons un minimum de 0,5 heure \u00e0 2,5 heures de temps de configuration et de 0,5 heure \u00e0 2,5 heures pour le nettoyage. Les organisations sont tenues d\u2019aider \u00e0 nettoyer et \u00e0 remettre l\u2019espace dans un \u00ab style de co-working \u00bb \u00e0 la fin de l\u2019\u00e9v\u00e9nement.\u00a0\u00a0<\/li>\n\n\n\n<li>Vous \u00eates responsable de la propret\u00e9 des lieux et de la restitution du mat\u00e9riel utilis\u00e9 en bon \u00e9tat.<\/li>\n\n\n\n<li>Le co\u00fbt total indiqu\u00e9 dans le devis n'est qu'une estimation. Il pourra \u00eatre r\u00e9vis\u00e9 si n\u00e9cessaire. Le prix final sera indiqu\u00e9 sur la facture envoy\u00e9e apr\u00e8s l'\u00e9v\u00e9nement.<\/li>\n\n\n\n<li>Une fois accept\u00e9 par les deux parties, ce devis sera consid\u00e9r\u00e9 comme un contrat. Il ne peut pas \u00eatre ren\u00e9goci\u00e9.<\/li>\n\n\n\n<li>En cas d'annulation apr\u00e8s acceptation du devis, des frais de 30% du montant total de la facture seront appliqu\u00e9s.<\/li>\n\n\n\n<li>Il y a suffisamment d'assiettes, de verres, de tasses et de couverts pour environ 50 personnes. Si le nombre d\u2019invit\u00e9s d\u00e9passe ce nombre, vous pouvez apporter du mat\u00e9riel jetable si n\u00e9cessaire. Il est strictement interdit d'apporter des bouteilles d'eau en plastique (nous disposons de carafes d'eau dont une de 4L). Si ces conditions ne sont pas respect\u00e9es, des frais de 150$ seront ajout\u00e9s \u00e0 la facture.<\/li>\n<\/ol>","protected":false},"excerpt":{"rendered":"<p>For all events hosted in Room A or Room B: For all events hosted in the Desjardins Room: For all events hosted in the Lounge area or the entire space:<\/p>","protected":false},"author":2,"featured_media":0,"parent":0,"menu_order":0,"comment_status":"closed","ping_status":"closed","template":"","meta":{"_monsterinsights_skip_tracking":false,"_monsterinsights_sitenote_active":false,"_monsterinsights_sitenote_note":"","_monsterinsights_sitenote_category":0,"footnotes":""},"class_list":["post-38949","page","type-page","status-publish","hentry"],"_links":{"self":[{"href":"https:\/\/theatelier.ca\/fr\/wp-json\/wp\/v2\/pages\/38949","targetHints":{"allow":["GET"]}}],"collection":[{"href":"https:\/\/theatelier.ca\/fr\/wp-json\/wp\/v2\/pages"}],"about":[{"href":"https:\/\/theatelier.ca\/fr\/wp-json\/wp\/v2\/types\/page"}],"author":[{"embeddable":true,"href":"https:\/\/theatelier.ca\/fr\/wp-json\/wp\/v2\/users\/2"}],"replies":[{"embeddable":true,"href":"https:\/\/theatelier.ca\/fr\/wp-json\/wp\/v2\/comments?post=38949"}],"version-history":[{"count":3,"href":"https:\/\/theatelier.ca\/fr\/wp-json\/wp\/v2\/pages\/38949\/revisions"}],"predecessor-version":[{"id":40143,"href":"https:\/\/theatelier.ca\/fr\/wp-json\/wp\/v2\/pages\/38949\/revisions\/40143"}],"wp:attachment":[{"href":"https:\/\/theatelier.ca\/fr\/wp-json\/wp\/v2\/media?parent=38949"}],"curies":[{"name":"wp","href":"https:\/\/api.w.org\/{rel}","templated":true}]}}