{"id":38990,"date":"2023-12-20T18:58:26","date_gmt":"2023-12-20T18:58:26","guid":{"rendered":"https:\/\/wordpress.leosolano.com\/?page_id=38990"},"modified":"2025-02-03T18:07:35","modified_gmt":"2025-02-03T23:07:35","slug":"budget","status":"publish","type":"page","link":"https:\/\/theatelier.ca\/fr\/the-atelier\/budget\/","title":{"rendered":"Budget participatif"},"content":{"rendered":"<div data-elementor-type=\"wp-page\" data-elementor-id=\"38990\" class=\"elementor elementor-38990\" data-elementor-post-type=\"page\">\n\t\t\t\t<div class=\"elementor-element elementor-element-13f24f86 e-flex e-con-boxed e-con e-parent\" data-id=\"13f24f86\" data-element_type=\"container\" data-e-type=\"container\">\n\t\t\t\t\t<div class=\"e-con-inner\">\n\t\t\t\t<div class=\"elementor-element elementor-element-56809911 elementor-widget elementor-widget-text-editor\" data-id=\"56809911\" data-element_type=\"widget\" data-e-type=\"widget\" data-widget_type=\"text-editor.default\">\n\t\t\t\t<div class=\"elementor-widget-container\">\n\t\t\t\t\t\t\t\t\t<p><\/p>\n<p>\u00c0 chaque ann\u00e9e depuis 2021, nous organisons un budget participatif pour nos membres. Nous consacrons un montant fixe de notre budget annuel et les membres sont invit\u00e9s \u00e0 soumettre les activit\u00e9s ou les projets qu'ils souhaitent r\u00e9aliser. Il s'agit d'un processus d\u00e9mocratique et participatif, dans lequel les membres d\u00e9cident collectivement comment allouer les fonds en fonction de leurs besoins. Le budget participatif est un soutien financier pour nos membres et un moyen pour nous de les encourager et de les aider \u00e0 r\u00e9aliser des projets luttant contre les in\u00e9galit\u00e9s sociales et diverses formes d'oppression en fonction de leurs int\u00e9r\u00eats. Nous nous en servons afin de collectiviser nos savoirs, nos comp\u00e9tences et nos ressources, en plus d\u2019\u00eatre une bonne occasion pour cr\u00e9er un espace commun afin de se conna\u00eetre!<\/p>\n<p><\/p>\n<p><\/p>\n<p><strong>Une bref historique \u00e0 propos du budget participatif<\/strong><\/p>\n<p><\/p>\n<p>Le premier budget participatif a vu le jour en 1989 \u00e0 Porto Alegre, au Br\u00e9sil, et s'est depuis \u00e9tendu \u00e0 des centaines de villes en Europe, en Asie, en Afrique, en Am\u00e9rique latine et en Am\u00e9rique du Nord (Yves Sintomer <em>et al.,<\/em> 2014). Often used at the municipal level, the participatory budget introduces an aspect of direct democracy, where the public can deliberate and vote on a part of the municipal budget, thus expanding citizen participation, fostering the inclusion of marginalized groups, and promoting social justice (Chateauvert&nbsp;<em style=\"color: var( --e-global-color-text ); font-weight: var( --e-global-typography-text-font-weight ); letter-spacing: var( --e-global-typography-text-letter-spacing ); text-transform: var( --e-global-typography-text-text-transform ); text-align: var(--text-align);\">et al.<\/em><span style=\"color: var( --e-global-color-text ); font-style: var( --e-global-typography-text-font-style ); letter-spacing: var( --e-global-typography-text-letter-spacing ); text-transform: var( --e-global-typography-text-text-transform ); text-align: var(--text-align);\">, 2020).&nbsp;<\/span><\/p>\n<p><\/p>\n<p><\/p>\n<p><strong>R\u00e9f\u00e9rences <\/strong><\/p>\n<p><\/p>\n<p>Chateauvert et al., <em>Manuel pour changer le monde<\/em>, Montr\u00e9al, Lux, 2020.<\/p>\n<p><\/p>\n<p>Yves Sintomer et al., \u00ab Les budgets participatifs dans le monde. Une \u00e9tude transnationale \u00bb, Engagement Global, no 25, 2014.<\/p>\n<p><\/p>\t\t\t\t\t\t\t\t<\/div>\n\t\t\t\t<\/div>\n\t\t\t\t\t<\/div>\n\t\t\t\t<\/div>\n\t\t\t\t<\/div>","protected":false},"excerpt":{"rendered":"<p>Each year since 2021, we have been organizing a participatory budget for our members. We dedicate a set amount from our annual budget and members are invited to submit activities or projects they want to achieve. It is a democratic and participatory process, with members collectively deciding how to allocate funds according to their needs &#8230;<\/p>","protected":false},"author":2,"featured_media":0,"parent":38929,"menu_order":0,"comment_status":"closed","ping_status":"closed","template":"","meta":{"_monsterinsights_skip_tracking":false,"_monsterinsights_sitenote_active":false,"_monsterinsights_sitenote_note":"","_monsterinsights_sitenote_category":0,"footnotes":""},"class_list":["post-38990","page","type-page","status-publish","hentry"],"_links":{"self":[{"href":"https:\/\/theatelier.ca\/fr\/wp-json\/wp\/v2\/pages\/38990","targetHints":{"allow":["GET"]}}],"collection":[{"href":"https:\/\/theatelier.ca\/fr\/wp-json\/wp\/v2\/pages"}],"about":[{"href":"https:\/\/theatelier.ca\/fr\/wp-json\/wp\/v2\/types\/page"}],"author":[{"embeddable":true,"href":"https:\/\/theatelier.ca\/fr\/wp-json\/wp\/v2\/users\/2"}],"replies":[{"embeddable":true,"href":"https:\/\/theatelier.ca\/fr\/wp-json\/wp\/v2\/comments?post=38990"}],"version-history":[{"count":13,"href":"https:\/\/theatelier.ca\/fr\/wp-json\/wp\/v2\/pages\/38990\/revisions"}],"predecessor-version":[{"id":41156,"href":"https:\/\/theatelier.ca\/fr\/wp-json\/wp\/v2\/pages\/38990\/revisions\/41156"}],"up":[{"embeddable":true,"href":"https:\/\/theatelier.ca\/fr\/wp-json\/wp\/v2\/pages\/38929"}],"wp:attachment":[{"href":"https:\/\/theatelier.ca\/fr\/wp-json\/wp\/v2\/media?parent=38990"}],"curies":[{"name":"wp","href":"https:\/\/api.w.org\/{rel}","templated":true}]}}