{"id":39018,"date":"2023-12-20T19:42:47","date_gmt":"2023-12-20T19:42:47","guid":{"rendered":"https:\/\/wordpress.leosolano.com\/?page_id=39018"},"modified":"2025-01-19T17:35:23","modified_gmt":"2025-01-19T22:35:23","slug":"about-us","status":"publish","type":"page","link":"https:\/\/theatelier.ca\/fr\/about-us\/","title":{"rendered":"\u00c0 propos de nous"},"content":{"rendered":"<p>Ouvert en avril 2018, l\u2019Atelier est organisme \u00e0 but non lucratif. C'est un espace bilingue inclusif (physique et virtuel) de collaboration, de formation, de partage de savoirs et de soutien aux innovations sociales. Notre OBNL s\u2019inscrit dans un \u00e9cosyst\u00e8me situ\u00e9 \u00e0 <a href=\"https:\/\/ustpaul.ca\" target=\"_blank\" rel=\"noreferrer noopener\">l'Universit\u00e9 Saint-Paul<\/a>\u00a0aux c\u00f4t\u00e9s de\u00a0<a href=\"https:\/\/ustpaul.ca\/domaine-etudes\/innovation-sociale\/\" target=\"_blank\" rel=\"noreferrer noopener\">l'\u00c9cole d'innovation sociale \u00c9lisabeth-Bruy\u00e8re<\/a>\u00a0et le\u00a0<a href=\"https:\/\/innovationsocialeusp.ca\/crits?\" target=\"_blank\" rel=\"noreferrer noopener\">Centre de recherche sur les in\u00e9galit\u00e9s et les transformations sociales<\/a>\u00a0(CRITS). Il incarne ainsi le volet pratique en innovation sociale. Organisme orient\u00e9 vers les membres, ces dernier\u00b7\u00e8res sont des acteurs et actrices du milieu de l\u2019innovation sociale: \u00e9tudiant\u00b7e\u00b7s, chercheurs\u00b7euses, praticiens\u00b7nes, entrepreneur\u00b7e\u00b7s et communaut\u00e9s locales.<\/p>\n\n\n\n<p>L'Atelier offre de la formation, de l\u2019accompagnement et des occasions de visibilit\u00e9 et de financement \u00e0 des individu\u00b7e\u00b7s et des projets novateurs. Ces derniers\u00b7\u00e8res inventent des mode\u0300les d\u2019organisation, proposent de nouvelles pratiques sociales et d\u2019engagement et participent \u00e0  la lutte contre les ine\u0301galite\u0301s sociales et les diffe\u0301rentes formes d\u2019oppression.&nbsp;<\/p>\n\n\n\n<p><\/p>\n\n\n\n<h2 class=\"wp-block-heading\"><strong>Notre Vision<\/strong><\/h2>\n\n\n\n<p>\u00catre un catalyseur d'innovation sociale et de transformation sociale<\/p>\n\n\n\n<h2 class=\"wp-block-heading\"><strong>Notre Mission<\/strong><\/h2>\n\n\n\n<p>L'Atelier est un espace bilingue inclusif de collaboration, de formation, de partage de connaissances et de soutien aux innovations sociales, en particulier au sein de la grande r\u00e9gion d\u2019Ottawa-Gatineau.<\/p>\n\n\n\n<h2 class=\"wp-block-heading\"><strong>Nos objectifs<\/strong><\/h2>\n\n\n\n<ul class=\"wp-block-list\">\n<li>Accueillir, accompagner et soutenir les projets d\u2019innovation sociale qui r\u00e9pondent aux besoins de leurs communaut\u00e9s<\/li>\n\n\n\n<li>Promouvoir des initiatives qui visent \u00e0 contrer les in\u00e9galit\u00e9s et la pauvret\u00e9 de mani\u00e8re efficiente et durable<\/li>\n\n\n\n<li>Faire converger les initiatives d\u2019innovation sociale avec la recherche en cours tout en facilitant l\u2019\u00e9change et la diffusion de pratiques et de savoirs<\/li>\n<\/ul>\n\n\n\n<h2 class=\"wp-block-heading\"><strong>Nos Valeurs<\/strong><\/h2>\n\n\n\n<ul class=\"wp-block-list\">\n<li>Engagement<\/li>\n\n\n\n<li>Collaboration<\/li>\n\n\n\n<li>Justice sociale<\/li>\n<\/ul>\n\n\n\n<p>L'Atelier est un espace inclusif qui accueille les personnes de toutes identit\u00e9s de genre et de sexualit\u00e9. <\/p>\n\n\n\n<p>Aux c\u00f4t\u00e9s des associations de professeur\u00b7e\u00b7s, le <a href=\"https:\/\/congresdutravail.ca\/\" target=\"_blank\" rel=\"noreferrer noopener\">Congr\u00e8s du travail du Canada<\/a>, la <a href=\"https:\/\/ofl.ca\/\" target=\"_blank\" rel=\"noreferrer noopener\">F\u00e9d\u00e9ration du travail de l'Ontario<\/a>, et de nombreux syndicats et associations \u00e0 travers le Canada, l'Atelier est solidaire des communaut\u00e9s 2SLGBTQIA+ dans leur droit \u00e0 acc\u00e9der \u00e0 une \u00e9ducation et \u00e0 des soins de sant\u00e9 inclusifs et culturellement s\u00e9curitaires, y compris des soins d'affirmation de genre. Nous soutenons les pratiques et les politiques visant \u00e0 rendre les \u00e9coles plus s\u00e9curitaires et plus inclusives pour les personnes 2SLGBTQIA+. L'Atelier condamne les actions motiv\u00e9es par la haine visant \u00e0 saper les progr\u00e8s r\u00e9alis\u00e9s pour garantir un environnement d'apprentissage positif pour tous les \u00e9tudiant\u00b7e\u00b7s.<\/p>\n\n\n\n<div style=\"height:24px\" aria-hidden=\"true\" class=\"wp-block-spacer\"><\/div>\n\n\n\n<figure class=\"wp-block-image size-medium is-style-default\"><a href=\"https:\/\/theatelier.ca\/wp-content\/uploads\/2024\/04\/6453995.png\"><img fetchpriority=\"high\" decoding=\"async\" width=\"300\" height=\"169\" src=\"https:\/\/theatelier.ca\/wp-content\/uploads\/2024\/04\/6453995-300x169.png\" alt=\"Inclusive pride flag\" class=\"wp-image-40100\" style=\"object-fit:cover\" srcset=\"https:\/\/theatelier.ca\/wp-content\/uploads\/2024\/04\/6453995-300x169.png 300w, https:\/\/theatelier.ca\/wp-content\/uploads\/2024\/04\/6453995-1024x576.png 1024w, https:\/\/theatelier.ca\/wp-content\/uploads\/2024\/04\/6453995-768x432.png 768w, https:\/\/theatelier.ca\/wp-content\/uploads\/2024\/04\/6453995-1536x864.png 1536w, https:\/\/theatelier.ca\/wp-content\/uploads\/2024\/04\/6453995-18x10.png 18w, https:\/\/theatelier.ca\/wp-content\/uploads\/2024\/04\/6453995-805x453.png 805w, https:\/\/theatelier.ca\/wp-content\/uploads\/2024\/04\/6453995.png 1920w\" sizes=\"(max-width: 300px) 100vw, 300px\" \/><\/a><\/figure>","protected":false},"excerpt":{"rendered":"<p>Opened in April 2018, the Atelier is a not-for-profit, member-based organization. It is an inclusive bilingual space (physical and virtual) for collaboration, training, knowledge-sharing, and support for social innovations.\u00a0Our non-profit organization is the practical branch of an ecosystem located at Saint Paul University\u00a0alongside the\u00a0\u00c9lisabeth Bruy\u00e8re School of Social Innovation\u00a0and the\u00a0Centre for Research on Inequalities and &#8230;<\/p>","protected":false},"author":2,"featured_media":0,"parent":0,"menu_order":0,"comment_status":"closed","ping_status":"closed","template":"","meta":{"_monsterinsights_skip_tracking":false,"_monsterinsights_sitenote_active":false,"_monsterinsights_sitenote_note":"","_monsterinsights_sitenote_category":0,"footnotes":""},"class_list":["post-39018","page","type-page","status-publish","hentry"],"_links":{"self":[{"href":"https:\/\/theatelier.ca\/fr\/wp-json\/wp\/v2\/pages\/39018","targetHints":{"allow":["GET"]}}],"collection":[{"href":"https:\/\/theatelier.ca\/fr\/wp-json\/wp\/v2\/pages"}],"about":[{"href":"https:\/\/theatelier.ca\/fr\/wp-json\/wp\/v2\/types\/page"}],"author":[{"embeddable":true,"href":"https:\/\/theatelier.ca\/fr\/wp-json\/wp\/v2\/users\/2"}],"replies":[{"embeddable":true,"href":"https:\/\/theatelier.ca\/fr\/wp-json\/wp\/v2\/comments?post=39018"}],"version-history":[{"count":27,"href":"https:\/\/theatelier.ca\/fr\/wp-json\/wp\/v2\/pages\/39018\/revisions"}],"predecessor-version":[{"id":41110,"href":"https:\/\/theatelier.ca\/fr\/wp-json\/wp\/v2\/pages\/39018\/revisions\/41110"}],"wp:attachment":[{"href":"https:\/\/theatelier.ca\/fr\/wp-json\/wp\/v2\/media?parent=39018"}],"curies":[{"name":"wp","href":"https:\/\/api.w.org\/{rel}","templated":true}]}}