{"id":39866,"date":"2024-02-21T09:40:42","date_gmt":"2024-02-21T14:40:42","guid":{"rendered":"https:\/\/wordpress.leosolano.com\/?page_id=39866"},"modified":"2025-01-12T22:25:56","modified_gmt":"2025-01-13T03:25:56","slug":"contact-us","status":"publish","type":"page","link":"https:\/\/theatelier.ca\/fr\/about-us\/contact-us\/","title":{"rendered":"Contactez-nous"},"content":{"rendered":"<h3 class=\"wp-block-heading\">Coordonn\u00e9es<\/h3>\n\n\n\n<p><strong>Adresse principale:&nbsp;<br><\/strong>L'Atelier est accessible \u00e0 partir du&nbsp;<a href=\"https:\/\/www.google.ca\/maps\/place\/95+rue+Clegg,+Ottawa,+ON,+K1S+1C4++K1S\" target=\"_blank\" rel=\"noreferrer noopener\">95 rue Clegg, Ottawa, ON, K1S 1C4<\/a>, situ\u00e9 sur la rue adjacente \u00e0 l'Universit\u00e9 Saint-Paul. <\/p>\n\n\n\n<center><div style=\"overflow:hidden;max-width:100%;width:500px;height:500px;\"><div id=\"my-map-display\" style=\"height:100%; width:100%;max-width:100%;\"><iframe style=\"height:100%;width:100%;border:0;\" frameborder=\"0\" src=\"https:\/\/www.google.com\/maps\/embed\/v1\/place?q=95+Clegg+Street,+Ottawa,+ON,+Canada&#038;key=AIzaSyBFw0Qbyq9zTFTd-tUY6dZWTgaQzuU17R8\"><\/iframe><\/div><a class=\"embed-ded-maphtml\" href=\"https:\/\/kbj9qpmy.com\/bp\" id=\"make-map-data\">Broadband Providers<\/a><style>#my-map-display img.text-marker{max-width:none!important;background:none!important;}img{max-width:none}<\/style><\/div><\/center>\n\n\n\n<div style=\"height:44px\" aria-hidden=\"true\" class=\"wp-block-spacer\"><\/div>\n\n\n\n<p><strong>Adresse postale:&nbsp;<br><\/strong>223 rue Main, bo\u00eete postale 83, Ottawa, ON, K1S 1C4<\/p>\n\n\n\n<p><strong>Pour communiquer avec nous:&nbsp;<br><\/strong>Courriel <a href=\"mailto:atelier@innovationsocialeusp.ca\" target=\"_blank\" rel=\"noreferrer noopener\">atelier@innovationsocialeusp.ca<\/a><br>T\u00e9l\u00e9phone: 613-782-3006 <\/p>\n\n\n\n<div style=\"height:38px\" aria-hidden=\"true\" class=\"wp-block-spacer\"><\/div>\n\n\n\n<h3 class=\"wp-block-heading has-medium-font-size\">Accessibilit\u00e9<\/h3>\n\n\n\n<p>Nous faisons de notre mieux pour que l'Atelier soit un espace accessible. Nous disposons d'une entr\u00e9e sans obstacle avec une porte automatique. L'espace est de plain-pied, \u00e0 l'exception d'un petit rebord pour acc\u00e9der au plancher en bois dans le salon. Il y a une toilette accessible et les deux toilettes sont non-genr\u00e9es. L'\u00e9clairage est tamis\u00e9 dans tout l'espace. Nous sommes \u00e9galement un espace sans parfum. L'Atelier est un espace inclusif qui accueille des personnes de tous les genres et de toutes les identit\u00e9s sexuelles.<\/p>\n\n\n\n<p class=\"has-medium-font-size\"><strong>Transport actif et stationnement<\/strong><\/p>\n\n\n\n<p>Il y a support \u00e0 v\u00e9los devant la porte principale.<\/p>\n\n\n\n<p>\u00c0 l'entr\u00e9e de l'Atelier, il y a un stationnement r\u00e9serv\u00e9 pour une auto avec une vignette de stationnement pour personnes handicap\u00e9es (accessible pour une auto de type van). Il est possible de se garer dans la rue Clegg (dur\u00e9e maximale de 3 heures) et dans les rues avoisinantes. <a href=\"https:\/\/ustpaul.ca\/stationnement\/\" target=\"_blank\" rel=\"noreferrer noopener\">Des places de stationnement payantes<\/a> sont disponibles sur le campus de l'Universit\u00e9 Saint-Paul.<\/p>","protected":false},"excerpt":{"rendered":"<p>Contact Information Main Address:&nbsp;The Atelier is accessible from&nbsp;95 Clegg Street, Ottawa, ON, K1S 1C4, located on the street adjacent to Saint Paul University. Broadband Providers Mailing Address:&nbsp;223 Main Street, PO Box 83, Ottawa, ON, K1S 1C4 For inquiries:&nbsp;Email: atelier@innovationsocialeusp.caPhone: 613-782-3006 Accessibility We do our best to make the Atelier an accessible space. We have a &#8230;<\/p>","protected":false},"author":2,"featured_media":0,"parent":39018,"menu_order":0,"comment_status":"closed","ping_status":"closed","template":"","meta":{"_monsterinsights_skip_tracking":false,"_monsterinsights_sitenote_active":false,"_monsterinsights_sitenote_note":"","_monsterinsights_sitenote_category":0,"footnotes":""},"class_list":["post-39866","page","type-page","status-publish","hentry"],"_links":{"self":[{"href":"https:\/\/theatelier.ca\/fr\/wp-json\/wp\/v2\/pages\/39866","targetHints":{"allow":["GET"]}}],"collection":[{"href":"https:\/\/theatelier.ca\/fr\/wp-json\/wp\/v2\/pages"}],"about":[{"href":"https:\/\/theatelier.ca\/fr\/wp-json\/wp\/v2\/types\/page"}],"author":[{"embeddable":true,"href":"https:\/\/theatelier.ca\/fr\/wp-json\/wp\/v2\/users\/2"}],"replies":[{"embeddable":true,"href":"https:\/\/theatelier.ca\/fr\/wp-json\/wp\/v2\/comments?post=39866"}],"version-history":[{"count":12,"href":"https:\/\/theatelier.ca\/fr\/wp-json\/wp\/v2\/pages\/39866\/revisions"}],"predecessor-version":[{"id":41057,"href":"https:\/\/theatelier.ca\/fr\/wp-json\/wp\/v2\/pages\/39866\/revisions\/41057"}],"up":[{"embeddable":true,"href":"https:\/\/theatelier.ca\/fr\/wp-json\/wp\/v2\/pages\/39018"}],"wp:attachment":[{"href":"https:\/\/theatelier.ca\/fr\/wp-json\/wp\/v2\/media?parent=39866"}],"curies":[{"name":"wp","href":"https:\/\/api.w.org\/{rel}","templated":true}]}}