{"id":39875,"date":"2024-02-21T09:47:43","date_gmt":"2024-02-21T14:47:43","guid":{"rendered":"https:\/\/wordpress.leosolano.com\/?page_id=39875"},"modified":"2025-01-19T00:04:15","modified_gmt":"2025-01-19T05:04:15","slug":"donate-to-the-atelier","status":"publish","type":"page","link":"https:\/\/theatelier.ca\/fr\/about-us\/donate-to-the-atelier\/","title":{"rendered":"Faire un don"},"content":{"rendered":"<div data-elementor-type=\"wp-page\" data-elementor-id=\"39875\" class=\"elementor elementor-39875\" data-elementor-post-type=\"page\">\n\t\t\t\t<div class=\"elementor-element elementor-element-c097a8c e-flex e-con-boxed e-con e-parent\" data-id=\"c097a8c\" data-element_type=\"container\" data-e-type=\"container\">\n\t\t\t\t\t<div class=\"e-con-inner\">\n\t\t\t\t<div class=\"elementor-element elementor-element-4e3c9bc6 elementor-widget elementor-widget-text-editor\" data-id=\"4e3c9bc6\" data-element_type=\"widget\" data-e-type=\"widget\" data-widget_type=\"text-editor.default\">\n\t\t\t\t<div class=\"elementor-widget-container\">\n\t\t\t\t\t\t\t\t\t<p>Nous vous remercions de l'int\u00e9r\u00eat que vous portez pour faire un don \u00e0 l' <a href=\"https:\/\/theatelier.ca\/fr\/about-us\/\" target=\"_blank\" rel=\"noopener\">Atelier<\/a>.<\/p>\n<p><!-- \/wp:paragraph --><!-- wp:paragraph --><\/p>\n<p>L'Atelier est un organisme bilingue \u00e0 but non lucratif vou\u00e9 \u00e0 la justice sociale. Nous soutenons les membres de la communaut\u00e9, les \u00e9tudiant\u00b7e\u00b7s et divers organismes afin de propulser un changement social transformateur \u00e0 Ottawa et ailleurs.\u00a0<\/p>\n<p><!-- \/wp:paragraph --><!-- wp:paragraph --><\/p>\n<p>En tant que petit organisme \u00e0 but non lucratif, votre don sera d'une grande utilit\u00e9. Les dons servent \u00e0 soutenir nos membres dans la r\u00e9alisation de leurs projets de changement social, en leur offrant des formations et un soutien et en finan\u00e7ant des projets d'innovation sociale. Montrez votre solidarit\u00e9 en faisant un don aujourd'hui!<\/p>\n<p><!-- \/wp:paragraph --><!-- wp:spacer {\"height\":\"27px\"} --><!-- \/wp:buttons --><!-- wp:spacer {\"height\":\"25px\"} --><\/p>\n<div class=\"wp-block-spacer\" style=\"height: 25px;\" aria-hidden=\"true\">\u00a0<\/div>\n<p><!-- \/wp:spacer --><!-- wp:image {\"id\":2807,\"sizeSlug\":\"large\",\"linkDestination\":\"media\"} --><\/p>\n<figure class=\"wp-block-image size-large\"><\/figure>\n<p><!-- \/wp:image --><\/p>\t\t\t\t\t\t\t\t<\/div>\n\t\t\t\t<\/div>\n\t\t\t\t\t<\/div>\n\t\t\t\t<\/div>\n\t\t<div class=\"elementor-element elementor-element-2274004 e-flex e-con-boxed e-con e-parent\" data-id=\"2274004\" data-element_type=\"container\" data-e-type=\"container\">\n\t\t\t\t\t<div class=\"e-con-inner\">\n\t\t\t\t<div class=\"elementor-element elementor-element-a5833f1 elementor-button-info elementor-align-center elementor-widget elementor-widget-button\" data-id=\"a5833f1\" data-element_type=\"widget\" data-e-type=\"widget\" data-widget_type=\"button.default\">\n\t\t\t\t<div class=\"elementor-widget-container\">\n\t\t\t\t\t\t\t\t\t<div class=\"elementor-button-wrapper\">\n\t\t\t\t\t<a class=\"elementor-button elementor-button-link elementor-size-md\" href=\"https:\/\/donate.stripe.com\/fZe9Bp1XT8oycfK000\" target=\"_blank\">\n\t\t\t\t\t\t<span class=\"elementor-button-content-wrapper\">\n\t\t\t\t\t\t<span class=\"elementor-button-icon\">\n\t\t\t\t<i aria-hidden=\"true\" class=\"fas fa-donate\"><\/i>\t\t\t<\/span>\n\t\t\t\t\t\t\t\t\t<span class=\"elementor-button-text\">Faire un don<\/span>\n\t\t\t\t\t<\/span>\n\t\t\t\t\t<\/a>\n\t\t\t\t<\/div>\n\t\t\t\t\t\t\t\t<\/div>\n\t\t\t\t<\/div>\n\t\t\t\t<div class=\"elementor-element elementor-element-274a3d4 elementor-widget elementor-widget-spacer\" data-id=\"274a3d4\" data-element_type=\"widget\" data-e-type=\"widget\" data-widget_type=\"spacer.default\">\n\t\t\t\t<div class=\"elementor-widget-container\">\n\t\t\t\t\t\t\t<div class=\"elementor-spacer\">\n\t\t\t<div class=\"elementor-spacer-inner\"><\/div>\n\t\t<\/div>\n\t\t\t\t\t\t<\/div>\n\t\t\t\t<\/div>\n\t\t\t\t\t<\/div>\n\t\t\t\t<\/div>\n\t\t<div class=\"elementor-element elementor-element-0962cfc e-flex e-con-boxed e-con e-parent\" data-id=\"0962cfc\" data-element_type=\"container\" data-e-type=\"container\">\n\t\t\t\t\t<div class=\"e-con-inner\">\n\t\t\t\t\t<\/div>\n\t\t\t\t<\/div>\n\t\t\t\t<\/div>","protected":false},"excerpt":{"rendered":"<p>Thank you for your interest in donating to the Atelier. The Atelier is a bilingual social justice non-profit organization. We support community members, students, and other organizations to ignite transformative social change in Ottawa and beyond.\u00a0 As a small non-profit, your donation will go a long way. Donations go towards supporting our members in advancing &#8230;<\/p>","protected":false},"author":2,"featured_media":0,"parent":39018,"menu_order":0,"comment_status":"closed","ping_status":"closed","template":"","meta":{"_monsterinsights_skip_tracking":false,"_monsterinsights_sitenote_active":false,"_monsterinsights_sitenote_note":"","_monsterinsights_sitenote_category":0,"footnotes":""},"class_list":["post-39875","page","type-page","status-publish","hentry"],"_links":{"self":[{"href":"https:\/\/theatelier.ca\/fr\/wp-json\/wp\/v2\/pages\/39875","targetHints":{"allow":["GET"]}}],"collection":[{"href":"https:\/\/theatelier.ca\/fr\/wp-json\/wp\/v2\/pages"}],"about":[{"href":"https:\/\/theatelier.ca\/fr\/wp-json\/wp\/v2\/types\/page"}],"author":[{"embeddable":true,"href":"https:\/\/theatelier.ca\/fr\/wp-json\/wp\/v2\/users\/2"}],"replies":[{"embeddable":true,"href":"https:\/\/theatelier.ca\/fr\/wp-json\/wp\/v2\/comments?post=39875"}],"version-history":[{"count":46,"href":"https:\/\/theatelier.ca\/fr\/wp-json\/wp\/v2\/pages\/39875\/revisions"}],"predecessor-version":[{"id":41099,"href":"https:\/\/theatelier.ca\/fr\/wp-json\/wp\/v2\/pages\/39875\/revisions\/41099"}],"up":[{"embeddable":true,"href":"https:\/\/theatelier.ca\/fr\/wp-json\/wp\/v2\/pages\/39018"}],"wp:attachment":[{"href":"https:\/\/theatelier.ca\/fr\/wp-json\/wp\/v2\/media?parent=39875"}],"curies":[{"name":"wp","href":"https:\/\/api.w.org\/{rel}","templated":true}]}}