{"id":39877,"date":"2024-02-21T09:54:37","date_gmt":"2024-02-21T14:54:37","guid":{"rendered":"https:\/\/wordpress.leosolano.com\/?page_id=39877"},"modified":"2024-06-12T08:41:31","modified_gmt":"2024-06-12T12:41:31","slug":"terms-and-conditions","status":"publish","type":"page","link":"https:\/\/theatelier.ca\/fr\/terms-and-conditions\/","title":{"rendered":"Termes et conditions"},"content":{"rendered":"<p><strong>Modalit\u00e9s : Site Web de l'Atelier d'innovation sociale Mauril-B\u00e9langer (L'Atelier)<\/strong><\/p>\n\n\n\n<p>1.&nbsp; &nbsp; Introduction<br>Bienvenue sur le site de L'Atelier. Les pr\u00e9sentes Conditions G\u00e9n\u00e9rales r\u00e9gissent votre utilisation de notre site Internet et la r\u00e9servation de chambres via notre plateforme. En acc\u00e9dant et en utilisant notre site Web et en effectuant une r\u00e9servation de chambre, vous acceptez de respecter ces termes et conditions. Si vous n'\u00eates pas d'accord avec une partie de ces termes et conditions, veuillez vous abstenir d'utiliser notre site Web.<\/p>\n\n\n\n<p>2.    Propri\u00e9t\u00e9 intellectuelle<br>Tout le contenu de ce site Web, y compris les textes, images, graphiques, logos, vid\u00e9os et fichiers audio, est la propri\u00e9t\u00e9 de The Atelier ou de ses conc\u00e9dants de licence et est prot\u00e9g\u00e9 par les lois sur le droit d'auteur. Vous ne pouvez pas reproduire, distribuer, modifier ou utiliser tout contenu de ce site Web sans obtenir l'autorisation \u00e9crite pr\u00e9alable de L'Atelier.<\/p>\n\n\n\n<p>3.\u00a0 \u00a0 Room Reservations<br>a. Notre site Internet vous permet de r\u00e9server des chambres disponibles \u00e0 la location.<br>b. En effectuant une r\u00e9servation de chambre, vous acceptez de fournir des informations exactes et compl\u00e8tes, notamment vos coordonn\u00e9es et l'utilisation pr\u00e9vue de la chambre.<br>c. Toute r\u00e9servation effectu\u00e9e via notre site Internet est soumise \u00e0 disponibilit\u00e9, et L'Atelier se r\u00e9serve le droit d'accepter ou de refuser toute demande de r\u00e9servation.<br>d. Upon making a reservation, you may be required to provide payment information. Payment terms, cancellation policies, and any additional terms related to room rentals are clearly stated in the <a href=\"https:\/\/theatelier.ca\/fr\/room-rental\/cancelation-policy\/\" target=\"_blank\" rel=\"noreferrer noopener\">Room Rental Terms and Conditions<\/a>.<\/p>\n\n\n\n<p>4.    Utilisation du site Web<br>a. Vous pouvez utiliser notre site Web \u00e0 des fins d'information, pour parcourir les chambres disponibles et pour effectuer des r\u00e9servations de chambres.<br>b. Vous acceptez de ne pas utiliser notre site Web \u00e0 des fins ill\u00e9gales ou non autoris\u00e9es.<br>c. Vous acceptez de ne vous engager dans aucune activit\u00e9 qui pourrait endommager, d\u00e9sactiver ou alt\u00e9rer le fonctionnement de notre site Web ou interf\u00e9rer avec l\u2019acc\u00e8s d\u2019autres utilisateurs au site Web.<br>d. Vous acceptez de ne pas tenter d'obtenir un acc\u00e8s non autoris\u00e9 \u00e0 toute partie de notre site Web, de nos serveurs ou de nos bases de donn\u00e9es.<\/p>\n\n\n\n<p>5.    Liens tiers<br>Notre site Web peut contenir des liens vers des sites Web ou des ressources tiers qui n'appartiennent pas ou ne sont pas contr\u00f4l\u00e9s par L'Atelier. Nous n'approuvons ni n'assumons aucune responsabilit\u00e9 quant au contenu, aux politiques de confidentialit\u00e9 ou aux pratiques de ces sites Web tiers. Vous reconnaissez et acceptez que L'Atelier ne pourra \u00eatre tenu responsable de toute perte ou dommage caus\u00e9 par votre utilisation de sites Web tiers.<\/p>\n\n\n\n<p>6.   Politique de confidentialit\u00e9<br>Votre vie priv\u00e9e est importante pour nous. Veuillez vous r\u00e9f\u00e9rer \u00e0 nos Conditions g\u00e9n\u00e9rales de location de chambres, qui d\u00e9crivent la mani\u00e8re dont nous collectons, utilisons et prot\u00e9geons vos informations personnelles lorsque vous utilisez notre site Web et effectuez des r\u00e9servations de chambres.<\/p>\n\n\n\n<p>7.    Limitation de responsabilit\u00e9<br>L'Atelier et ses administrateurs, dirigeants, employ\u00e9s et b\u00e9n\u00e9voles ne pourront \u00eatre tenus responsables de tout dommage direct, indirect, accessoire, cons\u00e9cutif ou punitif d\u00e9coulant de ou en relation avec votre utilisation de notre site Web ou toute r\u00e9servation de chambre effectu\u00e9e via notre plateforme.<\/p>\n\n\n\n<p>8.    Modification et r\u00e9siliation<br>a. L'Atelier se r\u00e9serve le droit de modifier, suspendre ou mettre fin au fonctionnement de notre site Web, ou de toute partie de celui-ci, \u00e0 tout moment et sans pr\u00e9avis.<br>b. Nous nous r\u00e9servons \u00e9galement le droit de mettre \u00e0 jour ou de modifier ces Conditions G\u00e9n\u00e9rales \u00e0 tout moment. Votre utilisation continue de notre site Web et la r\u00e9alisation de r\u00e9servations de chambres apr\u00e8s toute modification ou mise \u00e0 jour constituent votre acceptation des conditions g\u00e9n\u00e9rales r\u00e9vis\u00e9es.<\/p>\n\n\n\n<p>9.    Coordonn\u00e9es<br>Si vous avez des questions ou des pr\u00e9occupations concernant ces conditions g\u00e9n\u00e9rales ou le processus de location de salle, veuillez nous contacter \u00e0 L'Atelier via les coordonn\u00e9es fournies sur notre site Web.<\/p>","protected":false},"excerpt":{"rendered":"<p>Terms and Conditions: The Mauril-B\u00e9langer Social Innovation Workshop (The Atelier) Website 1.&nbsp; &nbsp; IntroductionWelcome to the website of The Atelier. These Terms and Conditions govern your use of our website and the booking of rooms through our platform. By accessing and using our website and making a room reservation, you agree to comply with these &#8230;<\/p>","protected":false},"author":2,"featured_media":0,"parent":0,"menu_order":0,"comment_status":"closed","ping_status":"closed","template":"","meta":{"_monsterinsights_skip_tracking":false,"_monsterinsights_sitenote_active":false,"_monsterinsights_sitenote_note":"","_monsterinsights_sitenote_category":0,"footnotes":""},"class_list":["post-39877","page","type-page","status-publish","hentry"],"_links":{"self":[{"href":"https:\/\/theatelier.ca\/fr\/wp-json\/wp\/v2\/pages\/39877","targetHints":{"allow":["GET"]}}],"collection":[{"href":"https:\/\/theatelier.ca\/fr\/wp-json\/wp\/v2\/pages"}],"about":[{"href":"https:\/\/theatelier.ca\/fr\/wp-json\/wp\/v2\/types\/page"}],"author":[{"embeddable":true,"href":"https:\/\/theatelier.ca\/fr\/wp-json\/wp\/v2\/users\/2"}],"replies":[{"embeddable":true,"href":"https:\/\/theatelier.ca\/fr\/wp-json\/wp\/v2\/comments?post=39877"}],"version-history":[{"count":2,"href":"https:\/\/theatelier.ca\/fr\/wp-json\/wp\/v2\/pages\/39877\/revisions"}],"predecessor-version":[{"id":40497,"href":"https:\/\/theatelier.ca\/fr\/wp-json\/wp\/v2\/pages\/39877\/revisions\/40497"}],"wp:attachment":[{"href":"https:\/\/theatelier.ca\/fr\/wp-json\/wp\/v2\/media?parent=39877"}],"curies":[{"name":"wp","href":"https:\/\/api.w.org\/{rel}","templated":true}]}}