{"id":40548,"date":"2024-06-14T11:54:35","date_gmt":"2024-06-14T15:54:35","guid":{"rendered":"https:\/\/theatelier.ca\/?page_id=40548"},"modified":"2025-03-21T09:24:57","modified_gmt":"2025-03-21T13:24:57","slug":"become-a-member","status":"publish","type":"page","link":"https:\/\/theatelier.ca\/fr\/the-atelier\/become-a-member\/","title":{"rendered":"Devenir membre"},"content":{"rendered":"<div data-elementor-type=\"wp-page\" data-elementor-id=\"40548\" class=\"elementor elementor-40548\" data-elementor-post-type=\"page\">\n\t\t\t\t<div class=\"elementor-element elementor-element-83ffda8 e-flex e-con-boxed e-con e-parent\" data-id=\"83ffda8\" data-element_type=\"container\" data-e-type=\"container\">\n\t\t\t\t\t<div class=\"e-con-inner\">\n\t\t\t\t<div class=\"elementor-element elementor-element-90eb2eb elementor-widget elementor-widget-text-editor\" data-id=\"90eb2eb\" data-element_type=\"widget\" data-e-type=\"widget\" data-widget_type=\"text-editor.default\">\n\t\t\t\t<div class=\"elementor-widget-container\">\n\t\t\t\t\t\t\t\t\t<p><span style=\"font-weight: 400;\">Les membres sont au c\u0153ur de tout ce que nous faisons \u00e0 l'Atelier; cet espace est votre espace et notre objectif fondamental est de soutenir nos membres dans la cr\u00e9ation et le d\u00e9veloppement de leurs projets de transformation sociale. En devenant membre, vous b\u00e9n\u00e9ficiez non seulement de tarifs pr\u00e9f\u00e9rentiels pour la location de salles, mais vous avez \u00e9galement acc\u00e8s \u00e0 notre budget participatif et une voix dans la gouvernance et les priorit\u00e9s de l'organisme. La plupart de nos activit\u00e9s sont r\u00e9alis\u00e9es pour et en collaboration avec nos membres.\u00a0<\/span><\/p><p><span style=\"font-weight: 400;\">Que vous soyez \u00e0 la recherche d'un bel espace de travail, d'un lieu polyvalent pour organiser des r\u00e9unions ou des \u00e9v\u00e9nements, ou que vous souhaitiez entrer en contact avec des collaborateurs\u00b7trices potentiel\u00b7le\u00b7s, vous \u00eates au bon endroit pour propulsez le changement social et contribuer \u00e0 une soci\u00e9t\u00e9 plus juste et plus \u00e9quitable.<\/span><\/p><p style=\"caret-color: #0a0a0a; color: #0a0a0a;\">Vous devez \u00eatre membre afin de r\u00e9server l'espace.\u00a0<\/p><p style=\"margin-bottom: 15px; caret-color: #0a0a0a; color: #0a0a0a;\">Rejoignez notre communaut\u00e9 d'acteurs\u00b7trices du changement!<\/p>\t\t\t\t\t\t\t\t<\/div>\n\t\t\t\t<\/div>\n\t\t\t\t<div class=\"elementor-element elementor-element-b9c7320 elementor-widget elementor-widget-spacer\" data-id=\"b9c7320\" data-element_type=\"widget\" data-e-type=\"widget\" data-widget_type=\"spacer.default\">\n\t\t\t\t<div class=\"elementor-widget-container\">\n\t\t\t\t\t\t\t<div class=\"elementor-spacer\">\n\t\t\t<div class=\"elementor-spacer-inner\"><\/div>\n\t\t<\/div>\n\t\t\t\t\t\t<\/div>\n\t\t\t\t<\/div>\n\t\t\t\t<div class=\"elementor-element elementor-element-4fed439 elementor-widget elementor-widget-text-editor\" data-id=\"4fed439\" data-element_type=\"widget\" data-e-type=\"widget\" data-widget_type=\"text-editor.default\">\n\t\t\t\t<div class=\"elementor-widget-container\">\n\t\t\t\t\t\t\t\t\t<h2 class=\"wp-block-heading has-text-align-left\" style=\"text-align: left; caret-color: #0a0a0a;\">Pour vous procurer une adh\u00e9sion, veuillez vous connecter ou vous inscrire en haut \u00e0 droite.<\/h2>\t\t\t\t\t\t\t\t<\/div>\n\t\t\t\t<\/div>\n\t\t\t\t<div class=\"elementor-element elementor-element-4be5d61 elementor-widget-divider--view-line elementor-widget elementor-widget-divider\" data-id=\"4be5d61\" data-element_type=\"widget\" data-e-type=\"widget\" data-widget_type=\"divider.default\">\n\t\t\t\t<div class=\"elementor-widget-container\">\n\t\t\t\t\t\t\t<div class=\"elementor-divider\">\n\t\t\t<span class=\"elementor-divider-separator\">\n\t\t\t\t\t\t<\/span>\n\t\t<\/div>\n\t\t\t\t\t\t<\/div>\n\t\t\t\t<\/div>\n\t\t\t\t\t<\/div>\n\t\t\t\t<\/div>\n\t\t<div class=\"elementor-element elementor-element-a8426c2 e-flex e-con-boxed e-con e-parent\" data-id=\"a8426c2\" data-element_type=\"container\" data-e-type=\"container\">\n\t\t\t\t\t<div class=\"e-con-inner\">\n\t\t<div class=\"elementor-element elementor-element-28da7ee e-con-full e-flex e-con e-child\" data-id=\"28da7ee\" data-element_type=\"container\" data-e-type=\"container\">\n\t\t\t\t<\/div>\n\t\t<div class=\"elementor-element elementor-element-e5f6ad0 e-con-full e-flex e-con e-child\" data-id=\"e5f6ad0\" data-element_type=\"container\" data-e-type=\"container\">\n\t\t\t\t<div class=\"elementor-element elementor-element-5c23f3e elementor-widget elementor-widget-heading\" data-id=\"5c23f3e\" data-element_type=\"widget\" data-e-type=\"widget\" data-widget_type=\"heading.default\">\n\t\t\t\t<div class=\"elementor-widget-container\">\n\t\t\t\t\t<p class=\"elementor-heading-title elementor-size-default\"><h2 style=\"margin-right: 0px;margin-left: calc(49% - 50vw);text-align: center;width: 100vw;white-space: normal\"><b>Niveaux d'adh\u00e9sion<span style=\"font-family: var( --e-global-typography-primary-font-family ), Sans-serif;font-size: var( --e-global-typography-primary-font-size );font-style: var( --e-global-typography-primary-font-style );letter-spacing: var( --e-global-typography-primary-letter-spacing );text-transform: var( --e-global-typography-primary-text-transform );white-space: pre-wrap;text-decoration: var( --e-global-typography-primary-text-decoration );text-align: var(--text-align)\"><\/span><\/b><\/h2><\/p>\t\t\t\t<\/div>\n\t\t\t\t<\/div>\n\t\t\t\t<\/div>\n\t\t\t\t\t<\/div>\n\t\t\t\t<\/div>\n\t\t<div class=\"elementor-element elementor-element-3e923e2 e-con-full e-flex e-con e-parent\" data-id=\"3e923e2\" data-element_type=\"container\" data-e-type=\"container\">\n\t\t\t\t<div class=\"elementor-element elementor-element-6c2c99b elementor-widget elementor-widget-text-editor\" data-id=\"6c2c99b\" data-element_type=\"widget\" data-e-type=\"widget\" data-widget_type=\"text-editor.default\">\n\t\t\t\t<div class=\"elementor-widget-container\">\n\t\t\t\t\t\t\t\t\t<h3 style=\"font-weight: bold; padding: 1.25em 2.375em; text-align: center;\">Adh\u00e9sion annuelle pour les membres individuels - 50$ + TVH<\/h3><p><span style=\"font-weight: 400;\">Pour toute personne qui souhaite soutenir la misison de l\u2019Atelier et qui souhaite venir travailler dans l\u2019espace.<\/span><\/p><div style=\"flex-wrap: nowrap; caret-color: #0a0a0a; color: #0a0a0a; font-family: 'MS Sans Serif', Geneva, sans-serif; font-size: 15px;\"><div style=\"flex-grow: 1; min-width: 0px; overflow-wrap: break-word; word-break: break-word; flex-basis: 0px;\"><p style=\"text-align: center;\"><b>Avantages<\/b><\/p><ul><li>Tarif membre lorsque vous r\u00e9servez l\u2019une des salles pour des rencontres en personne et\/ou des \u00e9v\u00e9nements<\/li><li>Participer au budget participatif de l\u2019Atelier<\/li><li style=\"font-weight: 400;\" aria-level=\"1\"><span style=\"font-weight: 400;\">Consultations avec des experts<\/span><\/li><li style=\"font-weight: 400;\" aria-level=\"1\"><span style=\"font-weight: 400;\">Soutien dans la promotion de vos \u00e9v\u00e9nements<\/span><\/li><li style=\"font-weight: 400;\" aria-level=\"1\"><span style=\"font-weight: 400;\">Wifi, caf\u00e9 et th\u00e9 gratuits<\/span><\/li><li style=\"font-weight: 400;\" aria-level=\"1\"><span style=\"font-weight: 400;\">Acc\u00e8s \u00e0 la cuisine et au salon<\/span><\/li><\/ul><\/div><\/div>\t\t\t\t\t\t\t\t<\/div>\n\t\t\t\t<\/div>\n\t\t\t\t<div class=\"elementor-element elementor-element-7aa711a elementor-widget-divider--view-line elementor-widget elementor-widget-divider\" data-id=\"7aa711a\" data-element_type=\"widget\" data-e-type=\"widget\" data-widget_type=\"divider.default\">\n\t\t\t\t<div class=\"elementor-widget-container\">\n\t\t\t\t\t\t\t<div class=\"elementor-divider\">\n\t\t\t<span class=\"elementor-divider-separator\">\n\t\t\t\t\t\t<\/span>\n\t\t<\/div>\n\t\t\t\t\t\t<\/div>\n\t\t\t\t<\/div>\n\t\t\t\t<div class=\"elementor-element elementor-element-3454113 elementor-widget elementor-widget-text-editor\" data-id=\"3454113\" data-element_type=\"widget\" data-e-type=\"widget\" data-widget_type=\"text-editor.default\">\n\t\t\t\t<div class=\"elementor-widget-container\">\n\t\t\t\t\t\t\t\t\t<h3 style=\"font-weight: bold; text-align: center; caret-color: #0a0a0a;\">Adh\u00e9sion annuelle d'un petit collectif - 550$ + TVH<\/h3><p><span style=\"font-weight: 400;\">Pour tout collectif qui souhaite soutenir la misison de l\u2019Atelier et qui souhaite utiliser l\u2019espace. Vous \u00eates un petit collectif lorsque vos revenus annuels sont de 250 000$ ou moins.<\/span><\/p><p><span style=\"font-weight: 400;\">Si vos revenus actuels ne vous permettent pas de d\u00e9frayer le co\u00fbt annuel, svp, contactez-nous pour en parler.\u00a0<\/span><\/p><div style=\"flex-wrap: nowrap; caret-color: #0a0a0a; color: #0a0a0a; font-family: 'MS Sans Serif', Geneva, sans-serif; font-size: 15px;\"><div style=\"flex-grow: 1; min-width: 0px; overflow-wrap: break-word; word-break: break-word; flex-basis: 0px;\"><p style=\"text-align: center;\"><b>Avantages<\/b><\/p><ul><li style=\"font-weight: 400;\" aria-level=\"1\"><span style=\"font-weight: 400;\">Utilisation de l\u2019Atelier 6 heures par mois (soit pour du travail individuel, des rencontres, ou des \u00e9v\u00e9nements)<\/span><\/li><li style=\"font-weight: 400;\" aria-level=\"1\"><span style=\"font-weight: 400;\">Tarif membre pour une utilisation suppl\u00e9mentaire de l'espace, si les 6 heures mensuelles sont d\u00e9pass\u00e9es<\/span><\/li><li style=\"font-weight: 400;\" aria-level=\"1\"><span style=\"font-weight: 400;\">Participer au budget participatif de l\u2019Atelier<\/span><\/li><li style=\"font-weight: 400;\" aria-level=\"1\"><span style=\"font-weight: 400;\">Consultations avec des experts<\/span><\/li><li style=\"font-weight: 400;\" aria-level=\"1\"><span style=\"font-weight: 400;\">Soutien dans la promotion de vos \u00e9v\u00e9nements<\/span><\/li><li style=\"font-weight: 400;\" aria-level=\"1\"><span style=\"font-weight: 400;\">Wifi, caf\u00e9 et th\u00e9 gratuits<\/span><\/li><li style=\"font-weight: 400;\" aria-level=\"1\"><span style=\"font-weight: 400;\">Acc\u00e8s \u00e0 la cuisine et au salon<\/span><\/li><\/ul><\/div><\/div>\t\t\t\t\t\t\t\t<\/div>\n\t\t\t\t<\/div>\n\t\t\t\t<div class=\"elementor-element elementor-element-51e92c2 elementor-widget-divider--view-line elementor-widget elementor-widget-divider\" data-id=\"51e92c2\" data-element_type=\"widget\" data-e-type=\"widget\" data-widget_type=\"divider.default\">\n\t\t\t\t<div class=\"elementor-widget-container\">\n\t\t\t\t\t\t\t<div class=\"elementor-divider\">\n\t\t\t<span class=\"elementor-divider-separator\">\n\t\t\t\t\t\t<\/span>\n\t\t<\/div>\n\t\t\t\t\t\t<\/div>\n\t\t\t\t<\/div>\n\t\t\t\t<div class=\"elementor-element elementor-element-c7fdb7f elementor-widget elementor-widget-text-editor\" data-id=\"c7fdb7f\" data-element_type=\"widget\" data-e-type=\"widget\" data-widget_type=\"text-editor.default\">\n\t\t\t\t<div class=\"elementor-widget-container\">\n\t\t\t\t\t\t\t\t\t<div style=\"flex-wrap: nowrap; caret-color: #0a0a0a; color: #0a0a0a; font-family: 'MS Sans Serif', Geneva, sans-serif; font-size: 15px;\">\n<div style=\"flex-grow: 1; min-width: 0px; overflow-wrap: break-word; word-break: break-word; flex-basis: 0px;\">\n<h3 style=\"font-weight: bold; text-align: center;\">Adh\u00e9sion annuelle d'un grand collectif - 850$ + TVH<\/h3>\n<p><span style=\"font-weight: 400;\">Pour tout collectif qui souhaite soutenir la misison de l\u2019Atelier et qui souhaite utiliser l\u2019espace. Vous \u00eates un grand collectif lorsque vos revenus annuels sont de 250 000$ et plus.<\/span><\/p>\n<p style=\"text-align: center;\"><b>Avantages<\/b><\/p>\n<ul>\n<li style=\"font-weight: 400;\" aria-level=\"1\"><span style=\"font-weight: 400;\">Utilisation de l\u2019Atelier 6 heures par mois (soit pour du travail individuel, des rencontres, ou des \u00e9v\u00e9nements)<\/span><\/li>\n<li style=\"font-weight: 400;\" aria-level=\"1\"><span style=\"font-weight: 400;\">Tarif membre pour une utilisation suppl\u00e9mentaire de l'espace, si les 6 heures mensuelles sont d\u00e9pass\u00e9es<\/span><\/li>\n<li style=\"font-weight: 400;\" aria-level=\"1\"><span style=\"font-weight: 400;\">Participer au budget participatif de l\u2019Atelier<\/span><\/li>\n<li style=\"font-weight: 400;\" aria-level=\"1\"><span style=\"font-weight: 400;\">Consultations avec des experts<\/span><\/li>\n<li style=\"font-weight: 400;\" aria-level=\"1\"><span style=\"font-weight: 400;\">Soutien dans la promotion de vos \u00e9v\u00e9nements<\/span><\/li>\n<li style=\"font-weight: 400;\" aria-level=\"1\"><span style=\"font-weight: 400;\">Wifi, caf\u00e9 et th\u00e9 gratuits<\/span><\/li>\n<li style=\"font-weight: 400;\" aria-level=\"1\"><span style=\"font-weight: 400;\">Access to the kitchen and lounge are<\/span><\/li>\n<\/ul>\n<\/div>\n<\/div>\t\t\t\t\t\t\t\t<\/div>\n\t\t\t\t<\/div>\n\t\t\t\t<div class=\"elementor-element elementor-element-0b34a87 elementor-widget-divider--view-line elementor-widget elementor-widget-divider\" data-id=\"0b34a87\" data-element_type=\"widget\" data-e-type=\"widget\" data-widget_type=\"divider.default\">\n\t\t\t\t<div class=\"elementor-widget-container\">\n\t\t\t\t\t\t\t<div class=\"elementor-divider\">\n\t\t\t<span class=\"elementor-divider-separator\">\n\t\t\t\t\t\t<\/span>\n\t\t<\/div>\n\t\t\t\t\t\t<\/div>\n\t\t\t\t<\/div>\n\t\t\t\t<div class=\"elementor-element elementor-element-b55b4b4 elementor-widget elementor-widget-text-editor\" data-id=\"b55b4b4\" data-element_type=\"widget\" data-e-type=\"widget\" data-widget_type=\"text-editor.default\">\n\t\t\t\t<div class=\"elementor-widget-container\">\n\t\t\t\t\t\t\t\t\t<p style=\"caret-color: #0a0a0a; color: #0a0a0a;\"><b>Services additionnels<\/b><\/p><ul style=\"caret-color: #0a0a0a; color: #0a0a0a; font-family: 'MS Sans Serif', Geneva, sans-serif; font-size: 15px;\"><li>Utiliser l'adresse de l'Atelier comme adresse professionnelle pour votre organisme : 360$ \/ an<\/li><\/ul>\t\t\t\t\t\t\t\t<\/div>\n\t\t\t\t<\/div>\n\t\t\t\t<\/div>\n\t\t\t\t<\/div>","protected":false},"excerpt":{"rendered":"<p>Members are at the core of everything we do at the Atelier; this space is your space and our overarching goal is to support our members in building and advancing their projects for social transformation. Becoming a member not only gives you preferred rates for room rentals, but it also gives you access to our &#8230;<\/p>","protected":false},"author":28,"featured_media":0,"parent":38929,"menu_order":0,"comment_status":"closed","ping_status":"closed","template":"","meta":{"_monsterinsights_skip_tracking":false,"_monsterinsights_sitenote_active":false,"_monsterinsights_sitenote_note":"","_monsterinsights_sitenote_category":0,"footnotes":""},"class_list":["post-40548","page","type-page","status-publish","hentry"],"_links":{"self":[{"href":"https:\/\/theatelier.ca\/fr\/wp-json\/wp\/v2\/pages\/40548","targetHints":{"allow":["GET"]}}],"collection":[{"href":"https:\/\/theatelier.ca\/fr\/wp-json\/wp\/v2\/pages"}],"about":[{"href":"https:\/\/theatelier.ca\/fr\/wp-json\/wp\/v2\/types\/page"}],"author":[{"embeddable":true,"href":"https:\/\/theatelier.ca\/fr\/wp-json\/wp\/v2\/users\/28"}],"replies":[{"embeddable":true,"href":"https:\/\/theatelier.ca\/fr\/wp-json\/wp\/v2\/comments?post=40548"}],"version-history":[{"count":187,"href":"https:\/\/theatelier.ca\/fr\/wp-json\/wp\/v2\/pages\/40548\/revisions"}],"predecessor-version":[{"id":41118,"href":"https:\/\/theatelier.ca\/fr\/wp-json\/wp\/v2\/pages\/40548\/revisions\/41118"}],"up":[{"embeddable":true,"href":"https:\/\/theatelier.ca\/fr\/wp-json\/wp\/v2\/pages\/38929"}],"wp:attachment":[{"href":"https:\/\/theatelier.ca\/fr\/wp-json\/wp\/v2\/media?parent=40548"}],"curies":[{"name":"wp","href":"https:\/\/api.w.org\/{rel}","templated":true}]}}