{"id":41411,"date":"2025-06-19T11:02:07","date_gmt":"2025-06-19T15:02:07","guid":{"rendered":"https:\/\/theatelier.ca\/?page_id=41411"},"modified":"2025-06-19T11:10:39","modified_gmt":"2025-06-19T15:10:39","slug":"room-rental","status":"publish","type":"page","link":"https:\/\/theatelier.ca\/fr\/room-rental\/","title":{"rendered":"Location de salle"},"content":{"rendered":"<div class=\"wpb-content-wrapper\">\t\t<div data-elementor-type=\"wp-page\" data-elementor-id=\"41411\" class=\"elementor elementor-41411\" data-elementor-post-type=\"page\">\n\t\t\t\t<div class=\"elementor-element elementor-element-41f752b e-flex e-con-boxed e-con e-parent\" data-id=\"41f752b\" data-element_type=\"container\" data-e-type=\"container\">\n\t\t\t\t\t<div class=\"e-con-inner\">\n\t\t\t\t<div class=\"elementor-element elementor-element-7631017 elementor-widget elementor-widget-template\" data-id=\"7631017\" data-element_type=\"widget\" data-e-type=\"widget\" data-widget_type=\"template.default\">\n\t\t\t\t<div class=\"elementor-widget-container\">\n\t\t\t\t\t\t\t<div class=\"elementor-template\">\n\t\t\t\t\t<div data-elementor-type=\"container\" data-elementor-id=\"41416\" class=\"elementor elementor-41416\" data-elementor-post-type=\"elementor_library\">\n\t\t\t\t<div class=\"elementor-element elementor-element-4bb22326 e-con-full e-flex e-con e-parent\" data-id=\"4bb22326\" data-element_type=\"container\" data-e-type=\"container\">\n\t\t\t\t<div class=\"elementor-element elementor-element-3b8550af elementor-widget__width-auto elementor-alert-info elementor-widget elementor-widget-alert\" data-id=\"3b8550af\" data-element_type=\"widget\" data-e-type=\"widget\" data-widget_type=\"alert.default\">\n\t\t\t\t<div class=\"elementor-widget-container\">\n\t\t\t\t\t\t\t<div class=\"elementor-alert\" role=\"alert\">\n\n\t\t\t\t\t\t<span class=\"elementor-alert-title\">About Room Rentals<\/span>\n\t\t\t\n\t\t\t\t\t\t<span class=\"elementor-alert-description\">The Atelier offers a diverse range of meeting rooms and event spaces for our members. Currently, we do not accept external booking requests from non-members. \nIf you think you might be interested in becoming an individual or organization member, visit our membership page for details.<\/span>\n\t\t\t\n\t\t\t\n\t\t<\/div>\n\t\t\t\t\t\t<\/div>\n\t\t\t\t<\/div>\n\t\t\t\t<div class=\"elementor-element elementor-element-18bcc185 elementor-widget elementor-widget-text-editor\" data-id=\"18bcc185\" data-element_type=\"widget\" data-e-type=\"widget\" data-widget_type=\"text-editor.default\">\n\t\t\t\t<div class=\"elementor-widget-container\">\n\t\t\t\t\t\t\t\t\t<h2>Notre espace : con\u00e7u pour le travail collaboratif<\/h2>\t\t\t\t\t\t\t\t<\/div>\n\t\t\t\t<\/div>\n\t\t\t\t<div class=\"elementor-element elementor-element-5d971442 elementor-widget elementor-widget-text-editor\" data-id=\"5d971442\" data-element_type=\"widget\" data-e-type=\"widget\" data-widget_type=\"text-editor.default\">\n\t\t\t\t<div class=\"elementor-widget-container\">\n\t\t\t\t\t\t\t\t\t<p>We offer three conference\/meeting rooms, a lounge area, coworking spaces, and access to a fully equipped kitchen.<\/p>\t\t\t\t\t\t\t\t<\/div>\n\t\t\t\t<\/div>\n\t\t\t\t<div class=\"elementor-element elementor-element-72b0d832 elementor-widget elementor-widget-text-editor\" data-id=\"72b0d832\" data-element_type=\"widget\" data-e-type=\"widget\" data-widget_type=\"text-editor.default\">\n\t\t\t\t<div class=\"elementor-widget-container\">\n\t\t\t\t\t\t\t\t\t<h2>\u00c0 propos de l'espace<\/h2>\t\t\t\t\t\t\t\t<\/div>\n\t\t\t\t<\/div>\n\t\t\t\t<div class=\"elementor-element elementor-element-33bb09b6 elementor-widget elementor-widget-text-editor\" data-id=\"33bb09b6\" data-element_type=\"widget\" data-e-type=\"widget\" data-widget_type=\"text-editor.default\">\n\t\t\t\t<div class=\"elementor-widget-container\">\n\t\t\t\t\t\t\t\t\t<p>La majorit\u00e9 de notre espace est d\u00e9di\u00e9e \u00e0 des espaces de travail fonctionnels \u00e0 concept ouvert qui permettent la collaboration et le coworking. Nous offrons <strong>trois salles de r\u00e9union de groupe<\/strong>\u00a0qui contiennent tout l'\u00e9quipement n\u00e9cessaire pour r\u00e9pondre \u00e0 une vari\u00e9t\u00e9 de besoins. UN\u00a0<strong>comfortable lounge area<\/strong>\u00a0est disponible pour une r\u00e9flexion professionnelle, des pauses tranquilles ou des discussions. De plus, notre coin salon peut \u00eatre transform\u00e9 en\u00a0<strong>grand espace \u00e9v\u00e9nementiel<\/strong>\u00a0pour des conf\u00e9rences, des soir\u00e9es cin\u00e9ma, des assembl\u00e9es, etc. Nous disposons d'un\u00a0<strong>cuisine \u00e9quip\u00e9e<\/strong> ce qui permet de pr\u00e9parer les repas et est utile lors de l'organisation de grands \u00e9v\u00e9nements.<\/p>\t\t\t\t\t\t\t\t<\/div>\n\t\t\t\t<\/div>\n\t\t\t\t<div class=\"elementor-element elementor-element-b86869e elementor-widget elementor-widget-text-editor\" data-id=\"b86869e\" data-element_type=\"widget\" data-e-type=\"widget\" data-widget_type=\"text-editor.default\">\n\t\t\t\t<div class=\"elementor-widget-container\">\n\t\t\t\t\t\t\t\t\t<h2>R\u00e9servation d'une chambre et valeur de l'adh\u00e9sion<\/h2>\t\t\t\t\t\t\t\t<\/div>\n\t\t\t\t<\/div>\n\t\t\t\t<div class=\"elementor-element elementor-element-1987bf28 elementor-widget elementor-widget-text-editor\" data-id=\"1987bf28\" data-element_type=\"widget\" data-e-type=\"widget\" data-widget_type=\"text-editor.default\">\n\t\t\t\t<div class=\"elementor-widget-container\">\n\t\t\t\t\t\t\t\t\t<p>Dans le cadre de votre <a href=\"https:\/\/theatelier.ca\/fr\/the-atelier\/become-a-member\/\" target=\"_blank\" rel=\"noopener\">avantages d'adh\u00e9sion<\/a>, you receive a specific number of hours to use when reserving a room for your event. You also get a discounted rate on additional room reservations. At present, we are not accepting external booking requests from non-members. If you think you might be interested in becoming an individual or organization member, visit the <a href=\"https:\/\/theatelier.ca\/fr\/the-atelier\/become-a-member\/\">Devenir membre<\/a> page.<\/p>\t\t\t\t\t\t\t\t<\/div>\n\t\t\t\t<\/div>\n\t\t\t\t<\/div>\n\t\t\t\t<\/div>\n\t\t\t\t<\/div>\n\t\t\t\t\t\t<\/div>\n\t\t\t\t<\/div>\n\t\t\t\t\t<\/div>\n\t\t\t\t<\/div>\n\t\t<div class=\"elementor-element elementor-element-0100ac8 e-flex e-con-boxed e-con e-parent\" data-id=\"0100ac8\" data-element_type=\"container\" data-e-type=\"container\">\n\t\t\t\t\t<div class=\"e-con-inner\">\n\t\t\t\t<div class=\"elementor-element elementor-element-f8cfa20 elementor-widget elementor-widget-template\" data-id=\"f8cfa20\" data-element_type=\"widget\" data-e-type=\"widget\" data-widget_type=\"template.default\">\n\t\t\t\t<div class=\"elementor-widget-container\">\n\t\t\t\t\t\t\t<div class=\"elementor-template\">\n\t\t\t\t\t<div data-elementor-type=\"container\" data-elementor-id=\"41421\" class=\"elementor elementor-41421\" data-elementor-post-type=\"elementor_library\">\n\t\t\t\t<div class=\"elementor-element elementor-element-264e869 e-flex e-con-boxed e-con e-parent\" data-id=\"264e869\" data-element_type=\"container\" data-e-type=\"container\">\n\t\t\t\t\t<div class=\"e-con-inner\">\n\t\t\t\t<div class=\"elementor-element elementor-element-5ceee52f elementor-widget elementor-widget-text-editor\" data-id=\"5ceee52f\" data-element_type=\"widget\" data-e-type=\"widget\" data-widget_type=\"text-editor.default\">\n\t\t\t\t<div class=\"elementor-widget-container\">\n\t\t\t\t\t\t\t\t\t<p>L'Atelier est accessible \u00e0 partir du\u00a0<a href=\"https:\/\/www.google.ca\/maps\/place\/95+rue+Clegg,+Ottawa,+ON,+K1S+1C4++K1S\" target=\"_blank\" rel=\"noreferrer noopener\">95 Clegg Street, Ottawa, ON<\/a>, situ\u00e9 dans la rue\u00a0<strong>adjacente<\/strong>\u00a0to <a href=\"https:\/\/ustpaul.ca\/\" data-type=\"link\" data-id=\"https:\/\/ustpaul.ca\/\">l'Universit\u00e9 Saint-Paul<\/a>.\u00a0Our mailing address is\u00a0223 Main Street, Ottawa, PO Box 83, ON, K1S 1C4. If you need to reach us, our phone number is 613-782-3006 (voicemail only), and our email address is\u00a0<a href=\"mailto:atelier@innovationsocialeusp.ca\">atelier@innovationsocialeusp.ca<\/a>.<div class=\"vc_row wpb_row vc_row-fluid wpestate_row vc_row\"><div class=\"wpb_column vc_column_container vc_col-sm-12 vc_column\"><div class=\"vc_column-inner\"><div class=\"wpb_wrapper\"><div class=\"vc_separator wpb_content_element vc_separator_align_center vc_sep_width_100 vc_sep_border_width_5 vc_sep_pos_align_center vc_separator_no_text vc_sep_color_black wpb_content_element  wpb_content_element vc_separator vc_text_separator\" ><span class=\"vc_sep_holder vc_sep_holder_l\"><span class=\"vc_sep_line\"><\/span><\/span><span class=\"vc_sep_holder vc_sep_holder_r\"><span class=\"vc_sep_line\"><\/span><\/span>\n<\/div><\/div><\/div><\/div><\/div><div class=\"vc_row wpb_row vc_row-fluid wpestate_row vc_row\"><div class=\"wpb_column vc_column_container vc_col-sm-12 vc_column\"><div class=\"vc_column-inner\"><div class=\"wpb_wrapper\"><div class=\"bottom-estate_property nobutton\" ><h2 class=\"shortcode_title\">Our Rooms<\/h2><div class=\"items_shortcode_wrapper\"><\/div><\/div><div class=\"vc_btn3-container vc_btn3-center vc_do_btn vc_btn\" ><a class=\"vc_general vc_btn3 vc_btn3-size-lg vc_btn3-shape-rounded vc_btn3-style-modern vc_btn3-color-sky vc_btn\" href=\"mailto:atelier@innovationsocialeusp.ca\" title=\"\">R\u00e9server une chambre<\/a><\/div><\/div><\/div><\/div><\/div>\t\t\t\t\t\t\t\t<\/div>\n\t\t\t\t<\/div>\n\t\t\t\t\t<\/div>\n\t\t\t\t<\/div>\n\t\t\t\t<\/div>\n\t\t\t\t<\/div>\n\t\t\t\t\t\t<\/div>\n\t\t\t\t<\/div>\n\t\t\t\t\t<\/div>\n\t\t\t\t<\/div>\n\t\t\t\t<\/div>\n\t\t<\/div>","protected":false},"excerpt":{"rendered":"","protected":false},"author":28,"featured_media":0,"parent":0,"menu_order":0,"comment_status":"closed","ping_status":"closed","template":"","meta":{"_monsterinsights_skip_tracking":false,"_monsterinsights_sitenote_active":false,"_monsterinsights_sitenote_note":"","_monsterinsights_sitenote_category":0,"footnotes":""},"class_list":["post-41411","page","type-page","status-publish","hentry"],"_links":{"self":[{"href":"https:\/\/theatelier.ca\/fr\/wp-json\/wp\/v2\/pages\/41411","targetHints":{"allow":["GET"]}}],"collection":[{"href":"https:\/\/theatelier.ca\/fr\/wp-json\/wp\/v2\/pages"}],"about":[{"href":"https:\/\/theatelier.ca\/fr\/wp-json\/wp\/v2\/types\/page"}],"author":[{"embeddable":true,"href":"https:\/\/theatelier.ca\/fr\/wp-json\/wp\/v2\/users\/28"}],"replies":[{"embeddable":true,"href":"https:\/\/theatelier.ca\/fr\/wp-json\/wp\/v2\/comments?post=41411"}],"version-history":[{"count":11,"href":"https:\/\/theatelier.ca\/fr\/wp-json\/wp\/v2\/pages\/41411\/revisions"}],"predecessor-version":[{"id":41426,"href":"https:\/\/theatelier.ca\/fr\/wp-json\/wp\/v2\/pages\/41411\/revisions\/41426"}],"wp:attachment":[{"href":"https:\/\/theatelier.ca\/fr\/wp-json\/wp\/v2\/media?parent=41411"}],"curies":[{"name":"wp","href":"https:\/\/api.w.org\/{rel}","templated":true}]}}